{"id":997,"date":"2021-05-02T16:46:10","date_gmt":"2021-05-02T13:46:10","guid":{"rendered":"http:\/\/www.kutupsogutma.net\/?post_type=product&#038;p=997"},"modified":"2021-05-02T16:46:10","modified_gmt":"2021-05-02T13:46:10","slug":"komur-masali-kaynak-makinesi-ea7012","status":"publish","type":"product","link":"http:\/\/www.kutupsogutma.net\/?product=komur-masali-kaynak-makinesi-ea7012","title":{"rendered":"K\u00d6M\u00dcR MA\u015eALI KAYNAK MAK\u0130NES\u0130 EA7012"},"content":{"rendered":"<p>K\u00d6M\u00dcR MA\u015eALI KAYNAK MAK\u0130NES\u0130 EA7012<\/p>\n","protected":false},"excerpt":{"rendered":"<p>K\u00d6M\u00dcR MA\u015eALI KAYNAK MAK\u0130NES\u0130 EA7012<\/p>\n","protected":false},"featured_media":998,"comment_status":"open","ping_status":"closed","template":"","meta":[],"product_cat":[81,74],"product_tag":[1176,1175],"_links":{"self":[{"href":"http:\/\/www.kutupsogutma.net\/index.php?rest_route=\/wp\/v2\/product\/997"}],"collection":[{"href":"http:\/\/www.kutupsogutma.net\/index.php?rest_route=\/wp\/v2\/product"}],"about":[{"href":"http:\/\/www.kutupsogutma.net\/index.php?rest_route=\/wp\/v2\/types\/product"}],"replies":[{"embeddable":true,"href":"http:\/\/www.kutupsogutma.net\/index.php?rest_route=%2Fwp%2Fv2%2Fcomments&post=997"}],"wp:featuredmedia":[{"embeddable":true,"href":"http:\/\/www.kutupsogutma.net\/index.php?rest_route=\/wp\/v2\/media\/998"}],"wp:attachment":[{"href":"http:\/\/www.kutupsogutma.net\/index.php?rest_route=%2Fwp%2Fv2%2Fmedia&parent=997"}],"wp:term":[{"taxonomy":"product_cat","embeddable":true,"href":"http:\/\/www.kutupsogutma.net\/index.php?rest_route=%2Fwp%2Fv2%2Fproduct_cat&post=997"},{"taxonomy":"product_tag","embeddable":true,"href":"http:\/\/www.kutupsogutma.net\/index.php?rest_route=%2Fwp%2Fv2%2Fproduct_tag&post=997"}],"curies":[{"name":"wp","href":"https:\/\/api.w.org\/{rel}","templated":true}]}}