{"id":982,"date":"2021-05-02T16:11:27","date_gmt":"2021-05-02T13:11:27","guid":{"rendered":"http:\/\/www.kutupsogutma.net\/?post_type=product&#038;p=982"},"modified":"2021-05-02T16:11:28","modified_gmt":"2021-05-02T13:11:28","slug":"bos-tup-ea7005","status":"publish","type":"product","link":"http:\/\/www.kutupsogutma.net\/?product=bos-tup-ea7005","title":{"rendered":"BO\u015e T\u00dcP EA7005"},"content":{"rendered":"<p>BO\u015e T\u00dcP EA7005<\/p>\n","protected":false},"excerpt":{"rendered":"<p>BO\u015e T\u00dcP EA7005<\/p>\n","protected":false},"featured_media":983,"comment_status":"open","ping_status":"closed","template":"","meta":[],"product_cat":[81,74],"product_tag":[1163,1162],"_links":{"self":[{"href":"http:\/\/www.kutupsogutma.net\/index.php?rest_route=\/wp\/v2\/product\/982"}],"collection":[{"href":"http:\/\/www.kutupsogutma.net\/index.php?rest_route=\/wp\/v2\/product"}],"about":[{"href":"http:\/\/www.kutupsogutma.net\/index.php?rest_route=\/wp\/v2\/types\/product"}],"replies":[{"embeddable":true,"href":"http:\/\/www.kutupsogutma.net\/index.php?rest_route=%2Fwp%2Fv2%2Fcomments&post=982"}],"wp:featuredmedia":[{"embeddable":true,"href":"http:\/\/www.kutupsogutma.net\/index.php?rest_route=\/wp\/v2\/media\/983"}],"wp:attachment":[{"href":"http:\/\/www.kutupsogutma.net\/index.php?rest_route=%2Fwp%2Fv2%2Fmedia&parent=982"}],"wp:term":[{"taxonomy":"product_cat","embeddable":true,"href":"http:\/\/www.kutupsogutma.net\/index.php?rest_route=%2Fwp%2Fv2%2Fproduct_cat&post=982"},{"taxonomy":"product_tag","embeddable":true,"href":"http:\/\/www.kutupsogutma.net\/index.php?rest_route=%2Fwp%2Fv2%2Fproduct_tag&post=982"}],"curies":[{"name":"wp","href":"https:\/\/api.w.org\/{rel}","templated":true}]}}