{"id":979,"date":"2021-05-02T15:59:30","date_gmt":"2021-05-02T12:59:30","guid":{"rendered":"http:\/\/www.kutupsogutma.net\/?post_type=product&#038;p=979"},"modified":"2021-05-02T15:59:31","modified_gmt":"2021-05-02T12:59:31","slug":"poliuretan-izosiyonat-1000gr-ea7004","status":"publish","type":"product","link":"http:\/\/www.kutupsogutma.net\/?product=poliuretan-izosiyonat-1000gr-ea7004","title":{"rendered":"POL\u0130\u00dcRETAN \u0130ZOS\u0130YONAT 1000GR EA7004"},"content":{"rendered":"<p>POL\u0130\u00dcRETAN \u0130ZOS\u0130YONAT 1000GR EA7004<\/p>\n","protected":false},"excerpt":{"rendered":"<p>POL\u0130\u00dcRETAN \u0130ZOS\u0130YONAT 1000GR EA7004<\/p>\n","protected":false},"featured_media":980,"comment_status":"open","ping_status":"closed","template":"","meta":[],"product_cat":[81,74],"product_tag":[1161,1160],"_links":{"self":[{"href":"http:\/\/www.kutupsogutma.net\/index.php?rest_route=\/wp\/v2\/product\/979"}],"collection":[{"href":"http:\/\/www.kutupsogutma.net\/index.php?rest_route=\/wp\/v2\/product"}],"about":[{"href":"http:\/\/www.kutupsogutma.net\/index.php?rest_route=\/wp\/v2\/types\/product"}],"replies":[{"embeddable":true,"href":"http:\/\/www.kutupsogutma.net\/index.php?rest_route=%2Fwp%2Fv2%2Fcomments&post=979"}],"wp:featuredmedia":[{"embeddable":true,"href":"http:\/\/www.kutupsogutma.net\/index.php?rest_route=\/wp\/v2\/media\/980"}],"wp:attachment":[{"href":"http:\/\/www.kutupsogutma.net\/index.php?rest_route=%2Fwp%2Fv2%2Fmedia&parent=979"}],"wp:term":[{"taxonomy":"product_cat","embeddable":true,"href":"http:\/\/www.kutupsogutma.net\/index.php?rest_route=%2Fwp%2Fv2%2Fproduct_cat&post=979"},{"taxonomy":"product_tag","embeddable":true,"href":"http:\/\/www.kutupsogutma.net\/index.php?rest_route=%2Fwp%2Fv2%2Fproduct_tag&post=979"}],"curies":[{"name":"wp","href":"https:\/\/api.w.org\/{rel}","templated":true}]}}