{"id":975,"date":"2021-05-02T15:50:42","date_gmt":"2021-05-02T12:50:42","guid":{"rendered":"http:\/\/www.kutupsogutma.net\/?post_type=product&#038;p=975"},"modified":"2021-05-02T15:50:42","modified_gmt":"2021-05-02T12:50:42","slug":"mikser-blender-dislisi-plastik-arcelik-beko-altus-9181300021-ea7001","status":"publish","type":"product","link":"http:\/\/www.kutupsogutma.net\/?product=mikser-blender-dislisi-plastik-arcelik-beko-altus-9181300021-ea7001","title":{"rendered":"M\u0130KSER BLENDER D\u0130\u015eL\u0130S\u0130 PLAST\u0130K AR\u00c7EL\u0130K-BEKO-ALTUS 9181300021 EA7001"},"content":{"rendered":"<p>M\u0130KSER BLENDER D\u0130\u015eL\u0130S\u0130 PLAST\u0130K AR\u00c7EL\u0130K-BEKO-ALTUS 9181300021 EA7001<\/p>\n","protected":false},"excerpt":{"rendered":"<p>M\u0130KSER BLENDER D\u0130\u015eL\u0130S\u0130 PLAST\u0130K AR\u00c7EL\u0130K-BEKO-ALTUS 9181300021 EA7001<\/p>\n","protected":false},"featured_media":976,"comment_status":"open","ping_status":"closed","template":"","meta":[],"product_cat":[81,74],"product_tag":[1156,1157,1155],"_links":{"self":[{"href":"http:\/\/www.kutupsogutma.net\/index.php?rest_route=\/wp\/v2\/product\/975"}],"collection":[{"href":"http:\/\/www.kutupsogutma.net\/index.php?rest_route=\/wp\/v2\/product"}],"about":[{"href":"http:\/\/www.kutupsogutma.net\/index.php?rest_route=\/wp\/v2\/types\/product"}],"replies":[{"embeddable":true,"href":"http:\/\/www.kutupsogutma.net\/index.php?rest_route=%2Fwp%2Fv2%2Fcomments&post=975"}],"wp:featuredmedia":[{"embeddable":true,"href":"http:\/\/www.kutupsogutma.net\/index.php?rest_route=\/wp\/v2\/media\/976"}],"wp:attachment":[{"href":"http:\/\/www.kutupsogutma.net\/index.php?rest_route=%2Fwp%2Fv2%2Fmedia&parent=975"}],"wp:term":[{"taxonomy":"product_cat","embeddable":true,"href":"http:\/\/www.kutupsogutma.net\/index.php?rest_route=%2Fwp%2Fv2%2Fproduct_cat&post=975"},{"taxonomy":"product_tag","embeddable":true,"href":"http:\/\/www.kutupsogutma.net\/index.php?rest_route=%2Fwp%2Fv2%2Fproduct_tag&post=975"}],"curies":[{"name":"wp","href":"https:\/\/api.w.org\/{rel}","templated":true}]}}