{"id":973,"date":"2021-05-02T15:48:55","date_gmt":"2021-05-02T12:48:55","guid":{"rendered":"http:\/\/www.kutupsogutma.net\/?post_type=product&#038;p=973"},"modified":"2021-05-02T15:48:55","modified_gmt":"2021-05-02T12:48:55","slug":"bakir-boru-sisirme-aleti-zimbasi-ea7000","status":"publish","type":"product","link":"http:\/\/www.kutupsogutma.net\/?product=bakir-boru-sisirme-aleti-zimbasi-ea7000","title":{"rendered":"BAKIR BORU \u015e\u0130\u015e\u0130RME ALET\u0130 ZIMBASI EA7000"},"content":{"rendered":"<p>BAKIR BORU \u015e\u0130\u015e\u0130RME ALET\u0130 ZIMBASI EA7000<\/p>\n","protected":false},"excerpt":{"rendered":"<p>BAKIR BORU \u015e\u0130\u015e\u0130RME ALET\u0130 ZIMBASI EA7000<\/p>\n","protected":false},"featured_media":974,"comment_status":"open","ping_status":"closed","template":"","meta":[],"product_cat":[81,74],"product_tag":[1154],"_links":{"self":[{"href":"http:\/\/www.kutupsogutma.net\/index.php?rest_route=\/wp\/v2\/product\/973"}],"collection":[{"href":"http:\/\/www.kutupsogutma.net\/index.php?rest_route=\/wp\/v2\/product"}],"about":[{"href":"http:\/\/www.kutupsogutma.net\/index.php?rest_route=\/wp\/v2\/types\/product"}],"replies":[{"embeddable":true,"href":"http:\/\/www.kutupsogutma.net\/index.php?rest_route=%2Fwp%2Fv2%2Fcomments&post=973"}],"wp:featuredmedia":[{"embeddable":true,"href":"http:\/\/www.kutupsogutma.net\/index.php?rest_route=\/wp\/v2\/media\/974"}],"wp:attachment":[{"href":"http:\/\/www.kutupsogutma.net\/index.php?rest_route=%2Fwp%2Fv2%2Fmedia&parent=973"}],"wp:term":[{"taxonomy":"product_cat","embeddable":true,"href":"http:\/\/www.kutupsogutma.net\/index.php?rest_route=%2Fwp%2Fv2%2Fproduct_cat&post=973"},{"taxonomy":"product_tag","embeddable":true,"href":"http:\/\/www.kutupsogutma.net\/index.php?rest_route=%2Fwp%2Fv2%2Fproduct_tag&post=973"}],"curies":[{"name":"wp","href":"https:\/\/api.w.org\/{rel}","templated":true}]}}