{"id":971,"date":"2021-05-02T15:24:16","date_gmt":"2021-05-02T12:24:16","guid":{"rendered":"http:\/\/www.kutupsogutma.net\/?post_type=product&#038;p=971"},"modified":"2021-05-02T15:24:16","modified_gmt":"2021-05-02T12:24:16","slug":"bakir-boru-kesme-makasi-kucuk-tube-cutter-ea5002","status":"publish","type":"product","link":"http:\/\/www.kutupsogutma.net\/?product=bakir-boru-kesme-makasi-kucuk-tube-cutter-ea5002","title":{"rendered":"BAKIR BORU KESME MAKASI K\u00dc\u00c7\u00dcK TUBE CUTTER EA5002"},"content":{"rendered":"<p>BAKIR BORU KESME MAKASI K\u00dc\u00c7\u00dcK TUBE CUTTER EA5002<\/p>\n","protected":false},"excerpt":{"rendered":"<p>BAKIR BORU KESME MAKASI K\u00dc\u00c7\u00dcK TUBE CUTTER EA5002<\/p>\n","protected":false},"featured_media":972,"comment_status":"open","ping_status":"closed","template":"","meta":[],"product_cat":[80,74],"product_tag":[1153],"_links":{"self":[{"href":"http:\/\/www.kutupsogutma.net\/index.php?rest_route=\/wp\/v2\/product\/971"}],"collection":[{"href":"http:\/\/www.kutupsogutma.net\/index.php?rest_route=\/wp\/v2\/product"}],"about":[{"href":"http:\/\/www.kutupsogutma.net\/index.php?rest_route=\/wp\/v2\/types\/product"}],"replies":[{"embeddable":true,"href":"http:\/\/www.kutupsogutma.net\/index.php?rest_route=%2Fwp%2Fv2%2Fcomments&post=971"}],"wp:featuredmedia":[{"embeddable":true,"href":"http:\/\/www.kutupsogutma.net\/index.php?rest_route=\/wp\/v2\/media\/972"}],"wp:attachment":[{"href":"http:\/\/www.kutupsogutma.net\/index.php?rest_route=%2Fwp%2Fv2%2Fmedia&parent=971"}],"wp:term":[{"taxonomy":"product_cat","embeddable":true,"href":"http:\/\/www.kutupsogutma.net\/index.php?rest_route=%2Fwp%2Fv2%2Fproduct_cat&post=971"},{"taxonomy":"product_tag","embeddable":true,"href":"http:\/\/www.kutupsogutma.net\/index.php?rest_route=%2Fwp%2Fv2%2Fproduct_tag&post=971"}],"curies":[{"name":"wp","href":"https:\/\/api.w.org\/{rel}","templated":true}]}}