{"id":968,"date":"2021-05-02T15:23:20","date_gmt":"2021-05-02T12:23:20","guid":{"rendered":"http:\/\/www.kutupsogutma.net\/?post_type=product&#038;p=968"},"modified":"2021-05-02T15:23:20","modified_gmt":"2021-05-02T12:23:20","slug":"bakir-boru-kesme-makasi-buyuk-tube-cutter-ea5001","status":"publish","type":"product","link":"http:\/\/www.kutupsogutma.net\/?product=bakir-boru-kesme-makasi-buyuk-tube-cutter-ea5001","title":{"rendered":"BAKIR BORU KESME MAKASI B\u00dcY\u00dcK TUBE CUTTER EA5001"},"content":{"rendered":"<p>BAKIR BORU KESME MAKASI B\u00dcY\u00dcK TUBE CUTTER EA5001<\/p>\n","protected":false},"excerpt":{"rendered":"<p>BAKIR BORU KESME MAKASI B\u00dcY\u00dcK TUBE CUTTER EA5001<\/p>\n","protected":false},"featured_media":969,"comment_status":"open","ping_status":"closed","template":"","meta":[],"product_cat":[80,74],"product_tag":[1152],"_links":{"self":[{"href":"http:\/\/www.kutupsogutma.net\/index.php?rest_route=\/wp\/v2\/product\/968"}],"collection":[{"href":"http:\/\/www.kutupsogutma.net\/index.php?rest_route=\/wp\/v2\/product"}],"about":[{"href":"http:\/\/www.kutupsogutma.net\/index.php?rest_route=\/wp\/v2\/types\/product"}],"replies":[{"embeddable":true,"href":"http:\/\/www.kutupsogutma.net\/index.php?rest_route=%2Fwp%2Fv2%2Fcomments&post=968"}],"wp:featuredmedia":[{"embeddable":true,"href":"http:\/\/www.kutupsogutma.net\/index.php?rest_route=\/wp\/v2\/media\/969"}],"wp:attachment":[{"href":"http:\/\/www.kutupsogutma.net\/index.php?rest_route=%2Fwp%2Fv2%2Fmedia&parent=968"}],"wp:term":[{"taxonomy":"product_cat","embeddable":true,"href":"http:\/\/www.kutupsogutma.net\/index.php?rest_route=%2Fwp%2Fv2%2Fproduct_cat&post=968"},{"taxonomy":"product_tag","embeddable":true,"href":"http:\/\/www.kutupsogutma.net\/index.php?rest_route=%2Fwp%2Fv2%2Fproduct_tag&post=968"}],"curies":[{"name":"wp","href":"https:\/\/api.w.org\/{rel}","templated":true}]}}