{"id":954,"date":"2021-05-02T14:48:19","date_gmt":"2021-05-02T11:48:19","guid":{"rendered":"http:\/\/www.kutupsogutma.net\/?post_type=product&#038;p=954"},"modified":"2021-05-02T14:48:19","modified_gmt":"2021-05-02T11:48:19","slug":"pincof-pinch-off-pense-celestial-ea3001","status":"publish","type":"product","link":"http:\/\/www.kutupsogutma.net\/?product=pincof-pinch-off-pense-celestial-ea3001","title":{"rendered":"P\u0130N\u00c7OF P\u0130NCH-OFF PENSE CELEST\u0130AL EA3001"},"content":{"rendered":"<p>P\u0130N\u00c7OF P\u0130NCH-OFF PENSE CELEST\u0130AL EA3001<\/p>\n","protected":false},"excerpt":{"rendered":"<p>P\u0130N\u00c7OF P\u0130NCH-OFF PENSE CELEST\u0130AL EA3001<\/p>\n","protected":false},"featured_media":955,"comment_status":"open","ping_status":"closed","template":"","meta":[],"product_cat":[78,74],"product_tag":[1141,1140],"_links":{"self":[{"href":"http:\/\/www.kutupsogutma.net\/index.php?rest_route=\/wp\/v2\/product\/954"}],"collection":[{"href":"http:\/\/www.kutupsogutma.net\/index.php?rest_route=\/wp\/v2\/product"}],"about":[{"href":"http:\/\/www.kutupsogutma.net\/index.php?rest_route=\/wp\/v2\/types\/product"}],"replies":[{"embeddable":true,"href":"http:\/\/www.kutupsogutma.net\/index.php?rest_route=%2Fwp%2Fv2%2Fcomments&post=954"}],"wp:featuredmedia":[{"embeddable":true,"href":"http:\/\/www.kutupsogutma.net\/index.php?rest_route=\/wp\/v2\/media\/955"}],"wp:attachment":[{"href":"http:\/\/www.kutupsogutma.net\/index.php?rest_route=%2Fwp%2Fv2%2Fmedia&parent=954"}],"wp:term":[{"taxonomy":"product_cat","embeddable":true,"href":"http:\/\/www.kutupsogutma.net\/index.php?rest_route=%2Fwp%2Fv2%2Fproduct_cat&post=954"},{"taxonomy":"product_tag","embeddable":true,"href":"http:\/\/www.kutupsogutma.net\/index.php?rest_route=%2Fwp%2Fv2%2Fproduct_tag&post=954"}],"curies":[{"name":"wp","href":"https:\/\/api.w.org\/{rel}","templated":true}]}}