{"id":950,"date":"2021-05-02T14:46:12","date_gmt":"2021-05-02T11:46:12","guid":{"rendered":"http:\/\/www.kutupsogutma.net\/?post_type=product&#038;p=950"},"modified":"2021-05-02T14:46:12","modified_gmt":"2021-05-02T11:46:12","slug":"havsa-takimi-ch525-boru-sisirme-seti-ea2001","status":"publish","type":"product","link":"http:\/\/www.kutupsogutma.net\/?product=havsa-takimi-ch525-boru-sisirme-seti-ea2001","title":{"rendered":"HAV\u015eA TAKIMI CH525 BORU \u015e\u0130\u015e\u0130RME SET\u0130 EA2001"},"content":{"rendered":"<p>HAV\u015eA TAKIMI CH525 BORU \u015e\u0130\u015e\u0130RME SET\u0130 EA2001<\/p>\n","protected":false},"excerpt":{"rendered":"<p>HAV\u015eA TAKIMI CH525 BORU \u015e\u0130\u015e\u0130RME SET\u0130 EA2001<\/p>\n","protected":false},"featured_media":951,"comment_status":"open","ping_status":"closed","template":"","meta":[],"product_cat":[74,77],"product_tag":[1138,1137],"_links":{"self":[{"href":"http:\/\/www.kutupsogutma.net\/index.php?rest_route=\/wp\/v2\/product\/950"}],"collection":[{"href":"http:\/\/www.kutupsogutma.net\/index.php?rest_route=\/wp\/v2\/product"}],"about":[{"href":"http:\/\/www.kutupsogutma.net\/index.php?rest_route=\/wp\/v2\/types\/product"}],"replies":[{"embeddable":true,"href":"http:\/\/www.kutupsogutma.net\/index.php?rest_route=%2Fwp%2Fv2%2Fcomments&post=950"}],"wp:featuredmedia":[{"embeddable":true,"href":"http:\/\/www.kutupsogutma.net\/index.php?rest_route=\/wp\/v2\/media\/951"}],"wp:attachment":[{"href":"http:\/\/www.kutupsogutma.net\/index.php?rest_route=%2Fwp%2Fv2%2Fmedia&parent=950"}],"wp:term":[{"taxonomy":"product_cat","embeddable":true,"href":"http:\/\/www.kutupsogutma.net\/index.php?rest_route=%2Fwp%2Fv2%2Fproduct_cat&post=950"},{"taxonomy":"product_tag","embeddable":true,"href":"http:\/\/www.kutupsogutma.net\/index.php?rest_route=%2Fwp%2Fv2%2Fproduct_tag&post=950"}],"curies":[{"name":"wp","href":"https:\/\/api.w.org\/{rel}","templated":true}]}}