{"id":95,"date":"2021-04-26T19:36:34","date_gmt":"2021-04-26T16:36:34","guid":{"rendered":"http:\/\/www.kutupsogutma.net\/?post_type=product&#038;p=95"},"modified":"2021-04-26T19:36:35","modified_gmt":"2021-04-26T16:36:35","slug":"buzdolabi-rezistans-boru-arcelik-beko-54-cm-bzd3008","status":"publish","type":"product","link":"http:\/\/www.kutupsogutma.net\/?product=buzdolabi-rezistans-boru-arcelik-beko-54-cm-bzd3008","title":{"rendered":"BUZDOLABI REZ\u0130STANS BORU AR\u00c7EL\u0130K-BEKO 54 CM BZD3008"},"content":{"rendered":"<p><span style=\"vertical-align: inherit;\"><span style=\"vertical-align: inherit;\">BUZDOLABI REZ\u0130STANS BORU AR\u00c7EL\u0130K-BEKO 54 CM BZD3008<\/span><\/span><\/p>\n","protected":false},"excerpt":{"rendered":"<p>BUZDOLABI REZ\u0130STANS BORU AR\u00c7EL\u0130K-BEKO 54 CM BZD3008<\/p>\n","protected":false},"featured_media":96,"comment_status":"open","ping_status":"closed","template":"","meta":[],"product_cat":[35,19],"product_tag":[],"_links":{"self":[{"href":"http:\/\/www.kutupsogutma.net\/index.php?rest_route=\/wp\/v2\/product\/95"}],"collection":[{"href":"http:\/\/www.kutupsogutma.net\/index.php?rest_route=\/wp\/v2\/product"}],"about":[{"href":"http:\/\/www.kutupsogutma.net\/index.php?rest_route=\/wp\/v2\/types\/product"}],"replies":[{"embeddable":true,"href":"http:\/\/www.kutupsogutma.net\/index.php?rest_route=%2Fwp%2Fv2%2Fcomments&post=95"}],"wp:featuredmedia":[{"embeddable":true,"href":"http:\/\/www.kutupsogutma.net\/index.php?rest_route=\/wp\/v2\/media\/96"}],"wp:attachment":[{"href":"http:\/\/www.kutupsogutma.net\/index.php?rest_route=%2Fwp%2Fv2%2Fmedia&parent=95"}],"wp:term":[{"taxonomy":"product_cat","embeddable":true,"href":"http:\/\/www.kutupsogutma.net\/index.php?rest_route=%2Fwp%2Fv2%2Fproduct_cat&post=95"},{"taxonomy":"product_tag","embeddable":true,"href":"http:\/\/www.kutupsogutma.net\/index.php?rest_route=%2Fwp%2Fv2%2Fproduct_tag&post=95"}],"curies":[{"name":"wp","href":"https:\/\/api.w.org\/{rel}","templated":true}]}}