{"id":948,"date":"2021-05-02T14:45:07","date_gmt":"2021-05-02T11:45:07","guid":{"rendered":"http:\/\/www.kutupsogutma.net\/?post_type=product&#038;p=948"},"modified":"2021-05-02T14:45:08","modified_gmt":"2021-05-02T11:45:08","slug":"havsa-takimi-ch275-boru-sisirme-seti-buyuk-ea2000","status":"publish","type":"product","link":"http:\/\/www.kutupsogutma.net\/?product=havsa-takimi-ch275-boru-sisirme-seti-buyuk-ea2000","title":{"rendered":"HAV\u015eA TAKIMI CH275 BORU \u015e\u0130\u015e\u0130RME SET\u0130 B\u00dcY\u00dcK EA2000"},"content":{"rendered":"<p>I CH275 BORU \u015e\u0130\u015e\u0130RME SET\u0130 B\u00dcY\u00dcK EA2000<\/p>\n","protected":false},"excerpt":{"rendered":"<p>I CH275 BORU \u015e\u0130\u015e\u0130RME SET\u0130 B\u00dcY\u00dcK EA2000<\/p>\n","protected":false},"featured_media":949,"comment_status":"open","ping_status":"closed","template":"","meta":[],"product_cat":[74,77],"product_tag":[1136,1135,1134],"_links":{"self":[{"href":"http:\/\/www.kutupsogutma.net\/index.php?rest_route=\/wp\/v2\/product\/948"}],"collection":[{"href":"http:\/\/www.kutupsogutma.net\/index.php?rest_route=\/wp\/v2\/product"}],"about":[{"href":"http:\/\/www.kutupsogutma.net\/index.php?rest_route=\/wp\/v2\/types\/product"}],"replies":[{"embeddable":true,"href":"http:\/\/www.kutupsogutma.net\/index.php?rest_route=%2Fwp%2Fv2%2Fcomments&post=948"}],"wp:featuredmedia":[{"embeddable":true,"href":"http:\/\/www.kutupsogutma.net\/index.php?rest_route=\/wp\/v2\/media\/949"}],"wp:attachment":[{"href":"http:\/\/www.kutupsogutma.net\/index.php?rest_route=%2Fwp%2Fv2%2Fmedia&parent=948"}],"wp:term":[{"taxonomy":"product_cat","embeddable":true,"href":"http:\/\/www.kutupsogutma.net\/index.php?rest_route=%2Fwp%2Fv2%2Fproduct_cat&post=948"},{"taxonomy":"product_tag","embeddable":true,"href":"http:\/\/www.kutupsogutma.net\/index.php?rest_route=%2Fwp%2Fv2%2Fproduct_tag&post=948"}],"curies":[{"name":"wp","href":"https:\/\/api.w.org\/{rel}","templated":true}]}}