{"id":946,"date":"2021-05-02T14:34:28","date_gmt":"2021-05-02T11:34:28","guid":{"rendered":"http:\/\/www.kutupsogutma.net\/?post_type=product&#038;p=946"},"modified":"2021-05-02T14:34:28","modified_gmt":"2021-05-02T11:34:28","slug":"olcu-aleti-pensampermetre-m-dijital-266-ea1000","status":"publish","type":"product","link":"http:\/\/www.kutupsogutma.net\/?product=olcu-aleti-pensampermetre-m-dijital-266-ea1000","title":{"rendered":"\u00d6L\u00c7\u00dc ALET\u0130 PENSAMPERMETRE M D\u0130J\u0130TAL 266 EA1000"},"content":{"rendered":"<p>\u00d6L\u00c7\u00dc ALET\u0130 PENSAMPERMETRE M D\u0130J\u0130TAL 266 EA1000<\/p>\n","protected":false},"excerpt":{"rendered":"<p>\u00d6L\u00c7\u00dc ALET\u0130 PENSAMPERMETRE M D\u0130J\u0130TAL 266 EA1000<\/p>\n","protected":false},"featured_media":947,"comment_status":"open","ping_status":"closed","template":"","meta":[],"product_cat":[74,76],"product_tag":[1133,1132,1131],"_links":{"self":[{"href":"http:\/\/www.kutupsogutma.net\/index.php?rest_route=\/wp\/v2\/product\/946"}],"collection":[{"href":"http:\/\/www.kutupsogutma.net\/index.php?rest_route=\/wp\/v2\/product"}],"about":[{"href":"http:\/\/www.kutupsogutma.net\/index.php?rest_route=\/wp\/v2\/types\/product"}],"replies":[{"embeddable":true,"href":"http:\/\/www.kutupsogutma.net\/index.php?rest_route=%2Fwp%2Fv2%2Fcomments&post=946"}],"wp:featuredmedia":[{"embeddable":true,"href":"http:\/\/www.kutupsogutma.net\/index.php?rest_route=\/wp\/v2\/media\/947"}],"wp:attachment":[{"href":"http:\/\/www.kutupsogutma.net\/index.php?rest_route=%2Fwp%2Fv2%2Fmedia&parent=946"}],"wp:term":[{"taxonomy":"product_cat","embeddable":true,"href":"http:\/\/www.kutupsogutma.net\/index.php?rest_route=%2Fwp%2Fv2%2Fproduct_cat&post=946"},{"taxonomy":"product_tag","embeddable":true,"href":"http:\/\/www.kutupsogutma.net\/index.php?rest_route=%2Fwp%2Fv2%2Fproduct_tag&post=946"}],"curies":[{"name":"wp","href":"https:\/\/api.w.org\/{rel}","templated":true}]}}