{"id":944,"date":"2021-05-02T14:31:21","date_gmt":"2021-05-02T11:31:21","guid":{"rendered":"http:\/\/www.kutupsogutma.net\/?post_type=product&#038;p=944"},"modified":"2021-05-02T14:31:22","modified_gmt":"2021-05-02T11:31:22","slug":"kaynak-tozu-boraks-bakir-100-gr-kucuk-ea0003","status":"publish","type":"product","link":"http:\/\/www.kutupsogutma.net\/?product=kaynak-tozu-boraks-bakir-100-gr-kucuk-ea0003","title":{"rendered":"KAYNAK TOZU BORAKS BAKIR 100 GR K\u00dc\u00c7\u00dcK EA0003"},"content":{"rendered":"<p>KAYNAK TOZU BORAKS BAKIR 100 GR K\u00dc\u00c7\u00dcK EA0003<\/p>\n","protected":false},"excerpt":{"rendered":"<p>KAYNAK TOZU BORAKS BAKIR 100 GR K\u00dc\u00c7\u00dcK EA0003<\/p>\n","protected":false},"featured_media":945,"comment_status":"open","ping_status":"closed","template":"","meta":[],"product_cat":[75,74],"product_tag":[1129,1130,1128],"_links":{"self":[{"href":"http:\/\/www.kutupsogutma.net\/index.php?rest_route=\/wp\/v2\/product\/944"}],"collection":[{"href":"http:\/\/www.kutupsogutma.net\/index.php?rest_route=\/wp\/v2\/product"}],"about":[{"href":"http:\/\/www.kutupsogutma.net\/index.php?rest_route=\/wp\/v2\/types\/product"}],"replies":[{"embeddable":true,"href":"http:\/\/www.kutupsogutma.net\/index.php?rest_route=%2Fwp%2Fv2%2Fcomments&post=944"}],"wp:featuredmedia":[{"embeddable":true,"href":"http:\/\/www.kutupsogutma.net\/index.php?rest_route=\/wp\/v2\/media\/945"}],"wp:attachment":[{"href":"http:\/\/www.kutupsogutma.net\/index.php?rest_route=%2Fwp%2Fv2%2Fmedia&parent=944"}],"wp:term":[{"taxonomy":"product_cat","embeddable":true,"href":"http:\/\/www.kutupsogutma.net\/index.php?rest_route=%2Fwp%2Fv2%2Fproduct_cat&post=944"},{"taxonomy":"product_tag","embeddable":true,"href":"http:\/\/www.kutupsogutma.net\/index.php?rest_route=%2Fwp%2Fv2%2Fproduct_tag&post=944"}],"curies":[{"name":"wp","href":"https:\/\/api.w.org\/{rel}","templated":true}]}}