{"id":942,"date":"2021-05-02T14:29:54","date_gmt":"2021-05-02T11:29:54","guid":{"rendered":"http:\/\/www.kutupsogutma.net\/?post_type=product&#038;p=942"},"modified":"2021-05-02T14:29:55","modified_gmt":"2021-05-02T11:29:55","slug":"kaynak-tozu-boraks-aluminyum-250-gr-buyuk-ea0002","status":"publish","type":"product","link":"http:\/\/www.kutupsogutma.net\/?product=kaynak-tozu-boraks-aluminyum-250-gr-buyuk-ea0002","title":{"rendered":"KAYNAK TOZU BORAKS AL\u00dcM\u0130NYUM 250 GR B\u00dcY\u00dcK EA0002"},"content":{"rendered":"<p>KAYNAK TOZU BORAKS AL\u00dcM\u0130NYUM 250 GR B\u00dcY\u00dcK EA0002<\/p>\n","protected":false},"excerpt":{"rendered":"<p>KAYNAK TOZU BORAKS AL\u00dcM\u0130NYUM 250 GR B\u00dcY\u00dcK EA0002<\/p>\n","protected":false},"featured_media":943,"comment_status":"open","ping_status":"closed","template":"","meta":[],"product_cat":[75,74],"product_tag":[1127,1126],"_links":{"self":[{"href":"http:\/\/www.kutupsogutma.net\/index.php?rest_route=\/wp\/v2\/product\/942"}],"collection":[{"href":"http:\/\/www.kutupsogutma.net\/index.php?rest_route=\/wp\/v2\/product"}],"about":[{"href":"http:\/\/www.kutupsogutma.net\/index.php?rest_route=\/wp\/v2\/types\/product"}],"replies":[{"embeddable":true,"href":"http:\/\/www.kutupsogutma.net\/index.php?rest_route=%2Fwp%2Fv2%2Fcomments&post=942"}],"wp:featuredmedia":[{"embeddable":true,"href":"http:\/\/www.kutupsogutma.net\/index.php?rest_route=\/wp\/v2\/media\/943"}],"wp:attachment":[{"href":"http:\/\/www.kutupsogutma.net\/index.php?rest_route=%2Fwp%2Fv2%2Fmedia&parent=942"}],"wp:term":[{"taxonomy":"product_cat","embeddable":true,"href":"http:\/\/www.kutupsogutma.net\/index.php?rest_route=%2Fwp%2Fv2%2Fproduct_cat&post=942"},{"taxonomy":"product_tag","embeddable":true,"href":"http:\/\/www.kutupsogutma.net\/index.php?rest_route=%2Fwp%2Fv2%2Fproduct_tag&post=942"}],"curies":[{"name":"wp","href":"https:\/\/api.w.org\/{rel}","templated":true}]}}