{"id":940,"date":"2021-05-02T14:28:38","date_gmt":"2021-05-02T11:28:38","guid":{"rendered":"http:\/\/www.kutupsogutma.net\/?post_type=product&#038;p=940"},"modified":"2021-05-02T14:28:38","modified_gmt":"2021-05-02T11:28:38","slug":"kaynak-teli-aluminyum-ea0001","status":"publish","type":"product","link":"http:\/\/www.kutupsogutma.net\/?product=kaynak-teli-aluminyum-ea0001","title":{"rendered":"KAYNAK TEL\u0130 AL\u00dcM\u0130NYUM EA0001"},"content":{"rendered":"<p>KAYNAK TEL\u0130 AL\u00dcM\u0130NYUM EA0001<\/p>\n","protected":false},"excerpt":{"rendered":"<p>KAYNAK TEL\u0130 AL\u00dcM\u0130NYUM EA0001<\/p>\n","protected":false},"featured_media":941,"comment_status":"open","ping_status":"closed","template":"","meta":[],"product_cat":[75,74],"product_tag":[1124,1125],"_links":{"self":[{"href":"http:\/\/www.kutupsogutma.net\/index.php?rest_route=\/wp\/v2\/product\/940"}],"collection":[{"href":"http:\/\/www.kutupsogutma.net\/index.php?rest_route=\/wp\/v2\/product"}],"about":[{"href":"http:\/\/www.kutupsogutma.net\/index.php?rest_route=\/wp\/v2\/types\/product"}],"replies":[{"embeddable":true,"href":"http:\/\/www.kutupsogutma.net\/index.php?rest_route=%2Fwp%2Fv2%2Fcomments&post=940"}],"wp:featuredmedia":[{"embeddable":true,"href":"http:\/\/www.kutupsogutma.net\/index.php?rest_route=\/wp\/v2\/media\/941"}],"wp:attachment":[{"href":"http:\/\/www.kutupsogutma.net\/index.php?rest_route=%2Fwp%2Fv2%2Fmedia&parent=940"}],"wp:term":[{"taxonomy":"product_cat","embeddable":true,"href":"http:\/\/www.kutupsogutma.net\/index.php?rest_route=%2Fwp%2Fv2%2Fproduct_cat&post=940"},{"taxonomy":"product_tag","embeddable":true,"href":"http:\/\/www.kutupsogutma.net\/index.php?rest_route=%2Fwp%2Fv2%2Fproduct_tag&post=940"}],"curies":[{"name":"wp","href":"https:\/\/api.w.org\/{rel}","templated":true}]}}