{"id":936,"date":"2021-05-02T14:17:33","date_gmt":"2021-05-02T11:17:33","guid":{"rendered":"http:\/\/www.kutupsogutma.net\/?post_type=product&#038;p=936"},"modified":"2021-05-02T14:17:34","modified_gmt":"2021-05-02T11:17:34","slug":"camasir-makinesi-su-deposu-aeg-cm16006","status":"publish","type":"product","link":"http:\/\/www.kutupsogutma.net\/?product=camasir-makinesi-su-deposu-aeg-cm16006","title":{"rendered":"\u00c7AMA\u015eIR MAK\u0130NES\u0130 SU DEPOSU AEG \u00c7M16006"},"content":{"rendered":"<p>\u00c7AMA\u015eIR MAK\u0130NES\u0130 SU DEPOSU AEG \u00c7M16006<\/p>\n","protected":false},"excerpt":{"rendered":"<p>\u00c7AMA\u015eIR MAK\u0130NES\u0130 SU DEPOSU AEG \u00c7M16006<\/p>\n","protected":false},"featured_media":937,"comment_status":"open","ping_status":"closed","template":"","meta":[],"product_cat":[73,21],"product_tag":[1121,1120],"_links":{"self":[{"href":"http:\/\/www.kutupsogutma.net\/index.php?rest_route=\/wp\/v2\/product\/936"}],"collection":[{"href":"http:\/\/www.kutupsogutma.net\/index.php?rest_route=\/wp\/v2\/product"}],"about":[{"href":"http:\/\/www.kutupsogutma.net\/index.php?rest_route=\/wp\/v2\/types\/product"}],"replies":[{"embeddable":true,"href":"http:\/\/www.kutupsogutma.net\/index.php?rest_route=%2Fwp%2Fv2%2Fcomments&post=936"}],"wp:featuredmedia":[{"embeddable":true,"href":"http:\/\/www.kutupsogutma.net\/index.php?rest_route=\/wp\/v2\/media\/937"}],"wp:attachment":[{"href":"http:\/\/www.kutupsogutma.net\/index.php?rest_route=%2Fwp%2Fv2%2Fmedia&parent=936"}],"wp:term":[{"taxonomy":"product_cat","embeddable":true,"href":"http:\/\/www.kutupsogutma.net\/index.php?rest_route=%2Fwp%2Fv2%2Fproduct_cat&post=936"},{"taxonomy":"product_tag","embeddable":true,"href":"http:\/\/www.kutupsogutma.net\/index.php?rest_route=%2Fwp%2Fv2%2Fproduct_tag&post=936"}],"curies":[{"name":"wp","href":"https:\/\/api.w.org\/{rel}","templated":true}]}}