{"id":93,"date":"2021-04-26T19:32:53","date_gmt":"2021-04-26T16:32:53","guid":{"rendered":"http:\/\/www.kutupsogutma.net\/?post_type=product&#038;p=93"},"modified":"2021-04-26T19:32:53","modified_gmt":"2021-04-26T16:32:53","slug":"buzdolabi-rezistans-boru-arcelik-beko-44-cm-bzd3007","status":"publish","type":"product","link":"http:\/\/www.kutupsogutma.net\/?product=buzdolabi-rezistans-boru-arcelik-beko-44-cm-bzd3007","title":{"rendered":"BUZDOLABI REZ\u0130STANS BORU AR\u00c7EL\u0130K-BEKO 44 CM BZD3007"},"content":{"rendered":"<p><span style=\"vertical-align: inherit;\"><span style=\"vertical-align: inherit;\">BUZDOLABI REZ\u0130STANS BORU AR\u00c7EL\u0130K-BEKO 44 CM BZD3007<\/span><\/span><\/p>\n","protected":false},"excerpt":{"rendered":"<p>BUZDOLABI REZ\u0130STANS BORU AR\u00c7EL\u0130K-BEKO 44 CM BZD3007<\/p>\n","protected":false},"featured_media":94,"comment_status":"open","ping_status":"closed","template":"","meta":[],"product_cat":[35,19],"product_tag":[],"_links":{"self":[{"href":"http:\/\/www.kutupsogutma.net\/index.php?rest_route=\/wp\/v2\/product\/93"}],"collection":[{"href":"http:\/\/www.kutupsogutma.net\/index.php?rest_route=\/wp\/v2\/product"}],"about":[{"href":"http:\/\/www.kutupsogutma.net\/index.php?rest_route=\/wp\/v2\/types\/product"}],"replies":[{"embeddable":true,"href":"http:\/\/www.kutupsogutma.net\/index.php?rest_route=%2Fwp%2Fv2%2Fcomments&post=93"}],"wp:featuredmedia":[{"embeddable":true,"href":"http:\/\/www.kutupsogutma.net\/index.php?rest_route=\/wp\/v2\/media\/94"}],"wp:attachment":[{"href":"http:\/\/www.kutupsogutma.net\/index.php?rest_route=%2Fwp%2Fv2%2Fmedia&parent=93"}],"wp:term":[{"taxonomy":"product_cat","embeddable":true,"href":"http:\/\/www.kutupsogutma.net\/index.php?rest_route=%2Fwp%2Fv2%2Fproduct_cat&post=93"},{"taxonomy":"product_tag","embeddable":true,"href":"http:\/\/www.kutupsogutma.net\/index.php?rest_route=%2Fwp%2Fv2%2Fproduct_tag&post=93"}],"curies":[{"name":"wp","href":"https:\/\/api.w.org\/{rel}","templated":true}]}}