{"id":925,"date":"2021-05-02T14:10:19","date_gmt":"2021-05-02T11:10:19","guid":{"rendered":"http:\/\/www.kutupsogutma.net\/?post_type=product&#038;p=925"},"modified":"2021-05-02T14:10:19","modified_gmt":"2021-05-02T11:10:19","slug":"camasir-makinesi-su-seviye-anahtari-prosestat-02-cm16001","status":"publish","type":"product","link":"http:\/\/www.kutupsogutma.net\/?product=camasir-makinesi-su-seviye-anahtari-prosestat-02-cm16001","title":{"rendered":"\u00c7AMA\u015eIR MAK\u0130NES\u0130 SU SEV\u0130YE ANAHTARI-PROSESTAT 02 \u00c7M16001"},"content":{"rendered":"<p>\u00c7AMA\u015eIR MAK\u0130NES\u0130 SU SEV\u0130YE ANAHTARI-PROSESTAT 02 \u00c7M16001<\/p>\n","protected":false},"excerpt":{"rendered":"<p>\u00c7AMA\u015eIR MAK\u0130NES\u0130 SU SEV\u0130YE ANAHTARI-PROSESTAT 02 \u00c7M16001<\/p>\n","protected":false},"featured_media":926,"comment_status":"open","ping_status":"closed","template":"","meta":[],"product_cat":[73,21],"product_tag":[1118],"_links":{"self":[{"href":"http:\/\/www.kutupsogutma.net\/index.php?rest_route=\/wp\/v2\/product\/925"}],"collection":[{"href":"http:\/\/www.kutupsogutma.net\/index.php?rest_route=\/wp\/v2\/product"}],"about":[{"href":"http:\/\/www.kutupsogutma.net\/index.php?rest_route=\/wp\/v2\/types\/product"}],"replies":[{"embeddable":true,"href":"http:\/\/www.kutupsogutma.net\/index.php?rest_route=%2Fwp%2Fv2%2Fcomments&post=925"}],"wp:featuredmedia":[{"embeddable":true,"href":"http:\/\/www.kutupsogutma.net\/index.php?rest_route=\/wp\/v2\/media\/926"}],"wp:attachment":[{"href":"http:\/\/www.kutupsogutma.net\/index.php?rest_route=%2Fwp%2Fv2%2Fmedia&parent=925"}],"wp:term":[{"taxonomy":"product_cat","embeddable":true,"href":"http:\/\/www.kutupsogutma.net\/index.php?rest_route=%2Fwp%2Fv2%2Fproduct_cat&post=925"},{"taxonomy":"product_tag","embeddable":true,"href":"http:\/\/www.kutupsogutma.net\/index.php?rest_route=%2Fwp%2Fv2%2Fproduct_tag&post=925"}],"curies":[{"name":"wp","href":"https:\/\/api.w.org\/{rel}","templated":true}]}}