{"id":923,"date":"2021-05-02T14:09:03","date_gmt":"2021-05-02T11:09:03","guid":{"rendered":"http:\/\/www.kutupsogutma.net\/?post_type=product&#038;p=923"},"modified":"2021-05-02T14:09:03","modified_gmt":"2021-05-02T11:09:03","slug":"camasir-makinesi-su-seviye-anahtari-prosestat-01-cm16000","status":"publish","type":"product","link":"http:\/\/www.kutupsogutma.net\/?product=camasir-makinesi-su-seviye-anahtari-prosestat-01-cm16000","title":{"rendered":"\u00c7AMA\u015eIR MAK\u0130NES\u0130 SU SEV\u0130YE ANAHTARI-PROSESTAT 01 \u00c7M16000"},"content":{"rendered":"<p>\u00c7AMA\u015eIR MAK\u0130NES\u0130 SU SEV\u0130YE ANAHTARI-PROSESTAT 01 \u00c7M16000<\/p>\n","protected":false},"excerpt":{"rendered":"<p>\u00c7AMA\u015eIR MAK\u0130NES\u0130 SU SEV\u0130YE ANAHTARI-PROSESTAT 01 \u00c7M16000<\/p>\n","protected":false},"featured_media":924,"comment_status":"open","ping_status":"closed","template":"","meta":[],"product_cat":[73,21],"product_tag":[1118,1119],"_links":{"self":[{"href":"http:\/\/www.kutupsogutma.net\/index.php?rest_route=\/wp\/v2\/product\/923"}],"collection":[{"href":"http:\/\/www.kutupsogutma.net\/index.php?rest_route=\/wp\/v2\/product"}],"about":[{"href":"http:\/\/www.kutupsogutma.net\/index.php?rest_route=\/wp\/v2\/types\/product"}],"replies":[{"embeddable":true,"href":"http:\/\/www.kutupsogutma.net\/index.php?rest_route=%2Fwp%2Fv2%2Fcomments&post=923"}],"wp:featuredmedia":[{"embeddable":true,"href":"http:\/\/www.kutupsogutma.net\/index.php?rest_route=\/wp\/v2\/media\/924"}],"wp:attachment":[{"href":"http:\/\/www.kutupsogutma.net\/index.php?rest_route=%2Fwp%2Fv2%2Fmedia&parent=923"}],"wp:term":[{"taxonomy":"product_cat","embeddable":true,"href":"http:\/\/www.kutupsogutma.net\/index.php?rest_route=%2Fwp%2Fv2%2Fproduct_cat&post=923"},{"taxonomy":"product_tag","embeddable":true,"href":"http:\/\/www.kutupsogutma.net\/index.php?rest_route=%2Fwp%2Fv2%2Fproduct_tag&post=923"}],"curies":[{"name":"wp","href":"https:\/\/api.w.org\/{rel}","templated":true}]}}