{"id":915,"date":"2021-05-02T14:03:26","date_gmt":"2021-05-02T11:03:26","guid":{"rendered":"http:\/\/www.kutupsogutma.net\/?post_type=product&#038;p=915"},"modified":"2021-05-02T14:03:27","modified_gmt":"2021-05-02T11:03:27","slug":"camasir-makinesi-rezistans-normal-1700-watt-yan-cm15008","status":"publish","type":"product","link":"http:\/\/www.kutupsogutma.net\/?product=camasir-makinesi-rezistans-normal-1700-watt-yan-cm15008","title":{"rendered":"\u00c7AMA\u015eIR MAK\u0130NES\u0130 REZ\u0130STANS NORMAL 1700 WATT YAN \u00c7M15008"},"content":{"rendered":"<p>\u00c7AMA\u015eIR MAK\u0130NES\u0130 REZ\u0130STANS NORMAL 1700 WATT YAN \u00c7M15008<\/p>\n","protected":false},"excerpt":{"rendered":"<p>\u00c7AMA\u015eIR MAK\u0130NES\u0130 REZ\u0130STANS NORMAL 1700 WATT YAN \u00c7M15008<\/p>\n","protected":false},"featured_media":916,"comment_status":"open","ping_status":"closed","template":"","meta":[],"product_cat":[72,21],"product_tag":[1111,1110],"_links":{"self":[{"href":"http:\/\/www.kutupsogutma.net\/index.php?rest_route=\/wp\/v2\/product\/915"}],"collection":[{"href":"http:\/\/www.kutupsogutma.net\/index.php?rest_route=\/wp\/v2\/product"}],"about":[{"href":"http:\/\/www.kutupsogutma.net\/index.php?rest_route=\/wp\/v2\/types\/product"}],"replies":[{"embeddable":true,"href":"http:\/\/www.kutupsogutma.net\/index.php?rest_route=%2Fwp%2Fv2%2Fcomments&post=915"}],"wp:featuredmedia":[{"embeddable":true,"href":"http:\/\/www.kutupsogutma.net\/index.php?rest_route=\/wp\/v2\/media\/916"}],"wp:attachment":[{"href":"http:\/\/www.kutupsogutma.net\/index.php?rest_route=%2Fwp%2Fv2%2Fmedia&parent=915"}],"wp:term":[{"taxonomy":"product_cat","embeddable":true,"href":"http:\/\/www.kutupsogutma.net\/index.php?rest_route=%2Fwp%2Fv2%2Fproduct_cat&post=915"},{"taxonomy":"product_tag","embeddable":true,"href":"http:\/\/www.kutupsogutma.net\/index.php?rest_route=%2Fwp%2Fv2%2Fproduct_tag&post=915"}],"curies":[{"name":"wp","href":"https:\/\/api.w.org\/{rel}","templated":true}]}}