{"id":911,"date":"2021-05-02T13:59:20","date_gmt":"2021-05-02T10:59:20","guid":{"rendered":"http:\/\/www.kutupsogutma.net\/?post_type=product&#038;p=911"},"modified":"2021-05-02T13:59:20","modified_gmt":"2021-05-02T10:59:20","slug":"camasir-makinesi-rezistans-normal-vestel-54x-eski-tip-cm15006","status":"publish","type":"product","link":"http:\/\/www.kutupsogutma.net\/?product=camasir-makinesi-rezistans-normal-vestel-54x-eski-tip-cm15006","title":{"rendered":"\u00c7AMA\u015eIR MAK\u0130NES\u0130 REZ\u0130STANS NORMAL VESTEL 54X ESK\u0130 T\u0130P \u00c7M15006"},"content":{"rendered":"<p>\u00c7AMA\u015eIR MAK\u0130NES\u0130 REZ\u0130STANS NORMAL VESTEL 54X ESK\u0130 T\u0130P \u00c7M15006<\/p>\n","protected":false},"excerpt":{"rendered":"<p>\u00c7AMA\u015eIR MAK\u0130NES\u0130 REZ\u0130STANS NORMAL VESTEL 54X ESK\u0130 T\u0130P \u00c7M15006<\/p>\n","protected":false},"featured_media":912,"comment_status":"open","ping_status":"closed","template":"","meta":[],"product_cat":[72,21],"product_tag":[1105,1106],"_links":{"self":[{"href":"http:\/\/www.kutupsogutma.net\/index.php?rest_route=\/wp\/v2\/product\/911"}],"collection":[{"href":"http:\/\/www.kutupsogutma.net\/index.php?rest_route=\/wp\/v2\/product"}],"about":[{"href":"http:\/\/www.kutupsogutma.net\/index.php?rest_route=\/wp\/v2\/types\/product"}],"replies":[{"embeddable":true,"href":"http:\/\/www.kutupsogutma.net\/index.php?rest_route=%2Fwp%2Fv2%2Fcomments&post=911"}],"wp:featuredmedia":[{"embeddable":true,"href":"http:\/\/www.kutupsogutma.net\/index.php?rest_route=\/wp\/v2\/media\/912"}],"wp:attachment":[{"href":"http:\/\/www.kutupsogutma.net\/index.php?rest_route=%2Fwp%2Fv2%2Fmedia&parent=911"}],"wp:term":[{"taxonomy":"product_cat","embeddable":true,"href":"http:\/\/www.kutupsogutma.net\/index.php?rest_route=%2Fwp%2Fv2%2Fproduct_cat&post=911"},{"taxonomy":"product_tag","embeddable":true,"href":"http:\/\/www.kutupsogutma.net\/index.php?rest_route=%2Fwp%2Fv2%2Fproduct_tag&post=911"}],"curies":[{"name":"wp","href":"https:\/\/api.w.org\/{rel}","templated":true}]}}