{"id":909,"date":"2021-05-02T13:58:05","date_gmt":"2021-05-02T10:58:05","guid":{"rendered":"http:\/\/www.kutupsogutma.net\/?post_type=product&#038;p=909"},"modified":"2021-05-02T13:58:05","modified_gmt":"2021-05-02T10:58:05","slug":"camasir-makinesi-rezistans-vestel-normal-23-cm-1850w-cm15005","status":"publish","type":"product","link":"http:\/\/www.kutupsogutma.net\/?product=camasir-makinesi-rezistans-vestel-normal-23-cm-1850w-cm15005","title":{"rendered":"\u00c7AMA\u015eIR MAK\u0130NES\u0130 REZ\u0130STANS VESTEL NORMAL 23 CM 1850W \u00c7M15005"},"content":{"rendered":"<p>\u00c7AMA\u015eIR MAK\u0130NES\u0130 REZ\u0130STANS VESTEL NORMAL 23 CM 1850W \u00c7M15005<\/p>\n","protected":false},"excerpt":{"rendered":"<p>\u00c7AMA\u015eIR MAK\u0130NES\u0130 REZ\u0130STANS VESTEL NORMAL 23 CM 1850W \u00c7M15005<\/p>\n","protected":false},"featured_media":910,"comment_status":"open","ping_status":"closed","template":"","meta":[],"product_cat":[72,21],"product_tag":[1102,1103,1104],"_links":{"self":[{"href":"http:\/\/www.kutupsogutma.net\/index.php?rest_route=\/wp\/v2\/product\/909"}],"collection":[{"href":"http:\/\/www.kutupsogutma.net\/index.php?rest_route=\/wp\/v2\/product"}],"about":[{"href":"http:\/\/www.kutupsogutma.net\/index.php?rest_route=\/wp\/v2\/types\/product"}],"replies":[{"embeddable":true,"href":"http:\/\/www.kutupsogutma.net\/index.php?rest_route=%2Fwp%2Fv2%2Fcomments&post=909"}],"wp:featuredmedia":[{"embeddable":true,"href":"http:\/\/www.kutupsogutma.net\/index.php?rest_route=\/wp\/v2\/media\/910"}],"wp:attachment":[{"href":"http:\/\/www.kutupsogutma.net\/index.php?rest_route=%2Fwp%2Fv2%2Fmedia&parent=909"}],"wp:term":[{"taxonomy":"product_cat","embeddable":true,"href":"http:\/\/www.kutupsogutma.net\/index.php?rest_route=%2Fwp%2Fv2%2Fproduct_cat&post=909"},{"taxonomy":"product_tag","embeddable":true,"href":"http:\/\/www.kutupsogutma.net\/index.php?rest_route=%2Fwp%2Fv2%2Fproduct_tag&post=909"}],"curies":[{"name":"wp","href":"https:\/\/api.w.org\/{rel}","templated":true}]}}