{"id":905,"date":"2021-05-02T13:54:27","date_gmt":"2021-05-02T10:54:27","guid":{"rendered":"http:\/\/www.kutupsogutma.net\/?post_type=product&#038;p=905"},"modified":"2021-05-02T13:54:28","modified_gmt":"2021-05-02T10:54:28","slug":"camasir-makinesi-rezistans-arcelik-2600-termiksiz-1850watt-21cm-815502-cm15003","status":"publish","type":"product","link":"http:\/\/www.kutupsogutma.net\/?product=camasir-makinesi-rezistans-arcelik-2600-termiksiz-1850watt-21cm-815502-cm15003","title":{"rendered":"\u00c7AMA\u015eIR MAK\u0130NES\u0130 REZ\u0130STANS AR\u00c7EL\u0130K 2600 TERM\u0130KS\u0130Z 1850WATT 21CM 815502 \u00c7M15003"},"content":{"rendered":"<p>\u00c7AMA\u015eIR MAK\u0130NES\u0130 REZ\u0130STANS AR\u00c7EL\u0130K 2600 TERM\u0130KS\u0130Z 1850WATT 21CM 815502 \u00c7M15003<\/p>\n","protected":false},"excerpt":{"rendered":"<p>\u00c7AMA\u015eIR MAK\u0130NES\u0130 REZ\u0130STANS AR\u00c7EL\u0130K 2600 TERM\u0130KS\u0130Z 1850WATT 21CM 815502 \u00c7M15003<\/p>\n","protected":false},"featured_media":906,"comment_status":"open","ping_status":"closed","template":"","meta":[],"product_cat":[72,21],"product_tag":[1099,1098,1097,1096],"_links":{"self":[{"href":"http:\/\/www.kutupsogutma.net\/index.php?rest_route=\/wp\/v2\/product\/905"}],"collection":[{"href":"http:\/\/www.kutupsogutma.net\/index.php?rest_route=\/wp\/v2\/product"}],"about":[{"href":"http:\/\/www.kutupsogutma.net\/index.php?rest_route=\/wp\/v2\/types\/product"}],"replies":[{"embeddable":true,"href":"http:\/\/www.kutupsogutma.net\/index.php?rest_route=%2Fwp%2Fv2%2Fcomments&post=905"}],"wp:featuredmedia":[{"embeddable":true,"href":"http:\/\/www.kutupsogutma.net\/index.php?rest_route=\/wp\/v2\/media\/906"}],"wp:attachment":[{"href":"http:\/\/www.kutupsogutma.net\/index.php?rest_route=%2Fwp%2Fv2%2Fmedia&parent=905"}],"wp:term":[{"taxonomy":"product_cat","embeddable":true,"href":"http:\/\/www.kutupsogutma.net\/index.php?rest_route=%2Fwp%2Fv2%2Fproduct_cat&post=905"},{"taxonomy":"product_tag","embeddable":true,"href":"http:\/\/www.kutupsogutma.net\/index.php?rest_route=%2Fwp%2Fv2%2Fproduct_tag&post=905"}],"curies":[{"name":"wp","href":"https:\/\/api.w.org\/{rel}","templated":true}]}}