{"id":903,"date":"2021-05-02T13:52:49","date_gmt":"2021-05-02T10:52:49","guid":{"rendered":"http:\/\/www.kutupsogutma.net\/?post_type=product&#038;p=903"},"modified":"2021-05-02T13:52:50","modified_gmt":"2021-05-02T10:52:50","slug":"camasir-makinesi-rezistans-aeg-arcelik-kisa-termikli-2000watt-19cm-cm15002","status":"publish","type":"product","link":"http:\/\/www.kutupsogutma.net\/?product=camasir-makinesi-rezistans-aeg-arcelik-kisa-termikli-2000watt-19cm-cm15002","title":{"rendered":"\u00c7AMA\u015eIR MAK\u0130NES\u0130 REZ\u0130STANS AEG-AR\u00c7EL\u0130K KISA TERM\u0130KL\u0130 2000WATT 19CM \u00c7M15002"},"content":{"rendered":"<p><strong>\u00c7AMA\u015eIR MAK\u0130NES\u0130 REZ\u0130STANS AEG-AR\u00c7EL\u0130K KISA TERM\u0130KL\u0130 2000WATT 19CM \u00c7M15002<\/strong><\/p>\n","protected":false},"excerpt":{"rendered":"<p>\u00c7AMA\u015eIR MAK\u0130NES\u0130 REZ\u0130STANS AEG-AR\u00c7EL\u0130K KISA TERM\u0130KL\u0130 2000WATT 19CM \u00c7M15002<\/p>\n","protected":false},"featured_media":904,"comment_status":"open","ping_status":"closed","template":"","meta":[],"product_cat":[72,21],"product_tag":[1095,1094],"_links":{"self":[{"href":"http:\/\/www.kutupsogutma.net\/index.php?rest_route=\/wp\/v2\/product\/903"}],"collection":[{"href":"http:\/\/www.kutupsogutma.net\/index.php?rest_route=\/wp\/v2\/product"}],"about":[{"href":"http:\/\/www.kutupsogutma.net\/index.php?rest_route=\/wp\/v2\/types\/product"}],"replies":[{"embeddable":true,"href":"http:\/\/www.kutupsogutma.net\/index.php?rest_route=%2Fwp%2Fv2%2Fcomments&post=903"}],"wp:featuredmedia":[{"embeddable":true,"href":"http:\/\/www.kutupsogutma.net\/index.php?rest_route=\/wp\/v2\/media\/904"}],"wp:attachment":[{"href":"http:\/\/www.kutupsogutma.net\/index.php?rest_route=%2Fwp%2Fv2%2Fmedia&parent=903"}],"wp:term":[{"taxonomy":"product_cat","embeddable":true,"href":"http:\/\/www.kutupsogutma.net\/index.php?rest_route=%2Fwp%2Fv2%2Fproduct_cat&post=903"},{"taxonomy":"product_tag","embeddable":true,"href":"http:\/\/www.kutupsogutma.net\/index.php?rest_route=%2Fwp%2Fv2%2Fproduct_tag&post=903"}],"curies":[{"name":"wp","href":"https:\/\/api.w.org\/{rel}","templated":true}]}}