{"id":889,"date":"2021-05-02T13:27:58","date_gmt":"2021-05-02T10:27:58","guid":{"rendered":"http:\/\/www.kutupsogutma.net\/?post_type=product&#038;p=889"},"modified":"2021-05-02T13:27:59","modified_gmt":"2021-05-02T10:27:59","slug":"camasir-makinesi-kapi-acma-kami-arcelik-2801310100-cm14042","status":"publish","type":"product","link":"http:\/\/www.kutupsogutma.net\/?product=camasir-makinesi-kapi-acma-kami-arcelik-2801310100-cm14042","title":{"rendered":"\u00c7AMA\u015eIR MAK\u0130NES\u0130 KAPI A\u00c7MA KAMI AR\u00c7EL\u0130K 2801310100 \u00c7M14042"},"content":{"rendered":"<p>\u00c7AMA\u015eIR MAK\u0130NES\u0130 KAPI A\u00c7MA KAMI AR\u00c7EL\u0130K 2801310100 \u00c7M14042<\/p>\n","protected":false},"excerpt":{"rendered":"<p>\u00c7AMA\u015eIR MAK\u0130NES\u0130 KAPI A\u00c7MA KAMI AR\u00c7EL\u0130K 2801310100 \u00c7M14042<\/p>\n","protected":false},"featured_media":890,"comment_status":"open","ping_status":"closed","template":"","meta":[],"product_cat":[71,21],"product_tag":[1080],"_links":{"self":[{"href":"http:\/\/www.kutupsogutma.net\/index.php?rest_route=\/wp\/v2\/product\/889"}],"collection":[{"href":"http:\/\/www.kutupsogutma.net\/index.php?rest_route=\/wp\/v2\/product"}],"about":[{"href":"http:\/\/www.kutupsogutma.net\/index.php?rest_route=\/wp\/v2\/types\/product"}],"replies":[{"embeddable":true,"href":"http:\/\/www.kutupsogutma.net\/index.php?rest_route=%2Fwp%2Fv2%2Fcomments&post=889"}],"wp:featuredmedia":[{"embeddable":true,"href":"http:\/\/www.kutupsogutma.net\/index.php?rest_route=\/wp\/v2\/media\/890"}],"wp:attachment":[{"href":"http:\/\/www.kutupsogutma.net\/index.php?rest_route=%2Fwp%2Fv2%2Fmedia&parent=889"}],"wp:term":[{"taxonomy":"product_cat","embeddable":true,"href":"http:\/\/www.kutupsogutma.net\/index.php?rest_route=%2Fwp%2Fv2%2Fproduct_cat&post=889"},{"taxonomy":"product_tag","embeddable":true,"href":"http:\/\/www.kutupsogutma.net\/index.php?rest_route=%2Fwp%2Fv2%2Fproduct_tag&post=889"}],"curies":[{"name":"wp","href":"https:\/\/api.w.org\/{rel}","templated":true}]}}