{"id":887,"date":"2021-05-02T13:23:20","date_gmt":"2021-05-02T10:23:20","guid":{"rendered":"http:\/\/www.kutupsogutma.net\/?post_type=product&#038;p=887"},"modified":"2021-05-02T13:23:21","modified_gmt":"2021-05-02T10:23:21","slug":"camasir-makinesi-ust-tabla-boncuk-cm14041","status":"publish","type":"product","link":"http:\/\/www.kutupsogutma.net\/?product=camasir-makinesi-ust-tabla-boncuk-cm14041","title":{"rendered":"\u00c7AMA\u015eIR MAK\u0130NES\u0130 \u00dcST TABLA BONCUK \u00c7M14041"},"content":{"rendered":"<p>\u00c7AMA\u015eIR MAK\u0130NES\u0130 \u00dcST TABLA BONCUK \u00c7M14041<\/p>\n","protected":false},"excerpt":{"rendered":"<p>\u00c7AMA\u015eIR MAK\u0130NES\u0130 \u00dcST TABLA BONCUK \u00c7M14041<\/p>\n","protected":false},"featured_media":888,"comment_status":"open","ping_status":"closed","template":"","meta":[],"product_cat":[71,21],"product_tag":[1079],"_links":{"self":[{"href":"http:\/\/www.kutupsogutma.net\/index.php?rest_route=\/wp\/v2\/product\/887"}],"collection":[{"href":"http:\/\/www.kutupsogutma.net\/index.php?rest_route=\/wp\/v2\/product"}],"about":[{"href":"http:\/\/www.kutupsogutma.net\/index.php?rest_route=\/wp\/v2\/types\/product"}],"replies":[{"embeddable":true,"href":"http:\/\/www.kutupsogutma.net\/index.php?rest_route=%2Fwp%2Fv2%2Fcomments&post=887"}],"wp:featuredmedia":[{"embeddable":true,"href":"http:\/\/www.kutupsogutma.net\/index.php?rest_route=\/wp\/v2\/media\/888"}],"wp:attachment":[{"href":"http:\/\/www.kutupsogutma.net\/index.php?rest_route=%2Fwp%2Fv2%2Fmedia&parent=887"}],"wp:term":[{"taxonomy":"product_cat","embeddable":true,"href":"http:\/\/www.kutupsogutma.net\/index.php?rest_route=%2Fwp%2Fv2%2Fproduct_cat&post=887"},{"taxonomy":"product_tag","embeddable":true,"href":"http:\/\/www.kutupsogutma.net\/index.php?rest_route=%2Fwp%2Fv2%2Fproduct_tag&post=887"}],"curies":[{"name":"wp","href":"https:\/\/api.w.org\/{rel}","templated":true}]}}