{"id":874,"date":"2021-05-02T13:03:48","date_gmt":"2021-05-02T10:03:48","guid":{"rendered":"http:\/\/www.kutupsogutma.net\/?post_type=product&#038;p=874"},"modified":"2021-05-02T13:03:48","modified_gmt":"2021-05-02T10:03:48","slug":"camasir-makinesi-deterjan-gozu-kasnak-cm14035","status":"publish","type":"product","link":"http:\/\/www.kutupsogutma.net\/?product=camasir-makinesi-deterjan-gozu-kasnak-cm14035","title":{"rendered":"\u00c7AMA\u015eIR MAK\u0130NES\u0130 DETERJAN G\u00d6Z\u00dc KASNAK \u00c7M14035"},"content":{"rendered":"<p>\u00c7AMA\u015eIR MAK\u0130NES\u0130 DETERJAN G\u00d6Z\u00dc KASNAK \u00c7M14035<\/p>\n","protected":false},"excerpt":{"rendered":"<p>\u00c7AMA\u015eIR MAK\u0130NES\u0130 DETERJAN G\u00d6Z\u00dc KASNAK \u00c7M14035<\/p>\n","protected":false},"featured_media":875,"comment_status":"open","ping_status":"closed","template":"","meta":[],"product_cat":[71,21],"product_tag":[1068],"_links":{"self":[{"href":"http:\/\/www.kutupsogutma.net\/index.php?rest_route=\/wp\/v2\/product\/874"}],"collection":[{"href":"http:\/\/www.kutupsogutma.net\/index.php?rest_route=\/wp\/v2\/product"}],"about":[{"href":"http:\/\/www.kutupsogutma.net\/index.php?rest_route=\/wp\/v2\/types\/product"}],"replies":[{"embeddable":true,"href":"http:\/\/www.kutupsogutma.net\/index.php?rest_route=%2Fwp%2Fv2%2Fcomments&post=874"}],"wp:featuredmedia":[{"embeddable":true,"href":"http:\/\/www.kutupsogutma.net\/index.php?rest_route=\/wp\/v2\/media\/875"}],"wp:attachment":[{"href":"http:\/\/www.kutupsogutma.net\/index.php?rest_route=%2Fwp%2Fv2%2Fmedia&parent=874"}],"wp:term":[{"taxonomy":"product_cat","embeddable":true,"href":"http:\/\/www.kutupsogutma.net\/index.php?rest_route=%2Fwp%2Fv2%2Fproduct_cat&post=874"},{"taxonomy":"product_tag","embeddable":true,"href":"http:\/\/www.kutupsogutma.net\/index.php?rest_route=%2Fwp%2Fv2%2Fproduct_tag&post=874"}],"curies":[{"name":"wp","href":"https:\/\/api.w.org\/{rel}","templated":true}]}}