{"id":872,"date":"2021-05-02T13:02:45","date_gmt":"2021-05-02T10:02:45","guid":{"rendered":"http:\/\/www.kutupsogutma.net\/?post_type=product&#038;p=872"},"modified":"2021-05-02T13:02:45","modified_gmt":"2021-05-02T10:02:45","slug":"camasir-makinesi-kapi-acma-teli-2801290100-cm14034","status":"publish","type":"product","link":"http:\/\/www.kutupsogutma.net\/?product=camasir-makinesi-kapi-acma-teli-2801290100-cm14034","title":{"rendered":"\u00c7AMA\u015eIR MAK\u0130NES\u0130 KAPI A\u00c7MA TEL\u0130 2801290100 \u00c7M14034"},"content":{"rendered":"<p>\u00c7AMA\u015eIR MAK\u0130NES\u0130 KAPI A\u00c7MA TEL\u0130 2801290100 \u00c7M14034<\/p>\n","protected":false},"excerpt":{"rendered":"<p>\u00c7AMA\u015eIR MAK\u0130NES\u0130 KAPI A\u00c7MA TEL\u0130 2801290100 \u00c7M14034<\/p>\n","protected":false},"featured_media":873,"comment_status":"open","ping_status":"closed","template":"","meta":[],"product_cat":[71,21],"product_tag":[1067],"_links":{"self":[{"href":"http:\/\/www.kutupsogutma.net\/index.php?rest_route=\/wp\/v2\/product\/872"}],"collection":[{"href":"http:\/\/www.kutupsogutma.net\/index.php?rest_route=\/wp\/v2\/product"}],"about":[{"href":"http:\/\/www.kutupsogutma.net\/index.php?rest_route=\/wp\/v2\/types\/product"}],"replies":[{"embeddable":true,"href":"http:\/\/www.kutupsogutma.net\/index.php?rest_route=%2Fwp%2Fv2%2Fcomments&post=872"}],"wp:featuredmedia":[{"embeddable":true,"href":"http:\/\/www.kutupsogutma.net\/index.php?rest_route=\/wp\/v2\/media\/873"}],"wp:attachment":[{"href":"http:\/\/www.kutupsogutma.net\/index.php?rest_route=%2Fwp%2Fv2%2Fmedia&parent=872"}],"wp:term":[{"taxonomy":"product_cat","embeddable":true,"href":"http:\/\/www.kutupsogutma.net\/index.php?rest_route=%2Fwp%2Fv2%2Fproduct_cat&post=872"},{"taxonomy":"product_tag","embeddable":true,"href":"http:\/\/www.kutupsogutma.net\/index.php?rest_route=%2Fwp%2Fv2%2Fproduct_tag&post=872"}],"curies":[{"name":"wp","href":"https:\/\/api.w.org\/{rel}","templated":true}]}}