{"id":868,"date":"2021-05-02T12:58:44","date_gmt":"2021-05-02T09:58:44","guid":{"rendered":"http:\/\/www.kutupsogutma.net\/?post_type=product&#038;p=868"},"modified":"2021-05-02T12:58:44","modified_gmt":"2021-05-02T09:58:44","slug":"camasir-makinesi-yay-tutucu-2600240000-yesil-cm14033","status":"publish","type":"product","link":"http:\/\/www.kutupsogutma.net\/?product=camasir-makinesi-yay-tutucu-2600240000-yesil-cm14033","title":{"rendered":"\u00c7AMA\u015eIR MAK\u0130NES\u0130 YAY TUTUCU 2600240000 YE\u015e\u0130L \u00c7M14033"},"content":{"rendered":"<p>\u00c7AMA\u015eIR MAK\u0130NES\u0130 YAY TUTUCU 2600240000 YE\u015e\u0130L \u00c7M14033<\/p>\n","protected":false},"excerpt":{"rendered":"<p>\u00c7AMA\u015eIR MAK\u0130NES\u0130 YAY TUTUCU 2600240000 YE\u015e\u0130L \u00c7M14033<\/p>\n","protected":false},"featured_media":869,"comment_status":"open","ping_status":"closed","template":"","meta":[],"product_cat":[71,21],"product_tag":[1065,1064],"_links":{"self":[{"href":"http:\/\/www.kutupsogutma.net\/index.php?rest_route=\/wp\/v2\/product\/868"}],"collection":[{"href":"http:\/\/www.kutupsogutma.net\/index.php?rest_route=\/wp\/v2\/product"}],"about":[{"href":"http:\/\/www.kutupsogutma.net\/index.php?rest_route=\/wp\/v2\/types\/product"}],"replies":[{"embeddable":true,"href":"http:\/\/www.kutupsogutma.net\/index.php?rest_route=%2Fwp%2Fv2%2Fcomments&post=868"}],"wp:featuredmedia":[{"embeddable":true,"href":"http:\/\/www.kutupsogutma.net\/index.php?rest_route=\/wp\/v2\/media\/869"}],"wp:attachment":[{"href":"http:\/\/www.kutupsogutma.net\/index.php?rest_route=%2Fwp%2Fv2%2Fmedia&parent=868"}],"wp:term":[{"taxonomy":"product_cat","embeddable":true,"href":"http:\/\/www.kutupsogutma.net\/index.php?rest_route=%2Fwp%2Fv2%2Fproduct_cat&post=868"},{"taxonomy":"product_tag","embeddable":true,"href":"http:\/\/www.kutupsogutma.net\/index.php?rest_route=%2Fwp%2Fv2%2Fproduct_tag&post=868"}],"curies":[{"name":"wp","href":"https:\/\/api.w.org\/{rel}","templated":true}]}}