{"id":864,"date":"2021-05-02T12:55:54","date_gmt":"2021-05-02T09:55:54","guid":{"rendered":"http:\/\/www.kutupsogutma.net\/?post_type=product&#038;p=864"},"modified":"2021-05-02T12:55:54","modified_gmt":"2021-05-02T09:55:54","slug":"camasir-makinesi-kasnak-arcelik-5500-genis-cm14031","status":"publish","type":"product","link":"http:\/\/www.kutupsogutma.net\/?product=camasir-makinesi-kasnak-arcelik-5500-genis-cm14031","title":{"rendered":"\u00c7AMA\u015eIR MAK\u0130NES\u0130 KASNAK AR\u00c7EL\u0130K 5500 GEN\u0130\u015e \u00c7M14031"},"content":{"rendered":"<p>\u00c7AMA\u015eIR MAK\u0130NES\u0130 KASNAK AR\u00c7EL\u0130K 5500 GEN\u0130\u015e \u00c7M14031<\/p>\n","protected":false},"excerpt":{"rendered":"<p>\u00c7AMA\u015eIR MAK\u0130NES\u0130 KASNAK AR\u00c7EL\u0130K 5500 GEN\u0130\u015e \u00c7M14031<\/p>\n","protected":false},"featured_media":865,"comment_status":"open","ping_status":"closed","template":"","meta":[],"product_cat":[71,21],"product_tag":[1062,1061],"_links":{"self":[{"href":"http:\/\/www.kutupsogutma.net\/index.php?rest_route=\/wp\/v2\/product\/864"}],"collection":[{"href":"http:\/\/www.kutupsogutma.net\/index.php?rest_route=\/wp\/v2\/product"}],"about":[{"href":"http:\/\/www.kutupsogutma.net\/index.php?rest_route=\/wp\/v2\/types\/product"}],"replies":[{"embeddable":true,"href":"http:\/\/www.kutupsogutma.net\/index.php?rest_route=%2Fwp%2Fv2%2Fcomments&post=864"}],"wp:featuredmedia":[{"embeddable":true,"href":"http:\/\/www.kutupsogutma.net\/index.php?rest_route=\/wp\/v2\/media\/865"}],"wp:attachment":[{"href":"http:\/\/www.kutupsogutma.net\/index.php?rest_route=%2Fwp%2Fv2%2Fmedia&parent=864"}],"wp:term":[{"taxonomy":"product_cat","embeddable":true,"href":"http:\/\/www.kutupsogutma.net\/index.php?rest_route=%2Fwp%2Fv2%2Fproduct_cat&post=864"},{"taxonomy":"product_tag","embeddable":true,"href":"http:\/\/www.kutupsogutma.net\/index.php?rest_route=%2Fwp%2Fv2%2Fproduct_tag&post=864"}],"curies":[{"name":"wp","href":"https:\/\/api.w.org\/{rel}","templated":true}]}}