{"id":855,"date":"2021-05-02T12:51:44","date_gmt":"2021-05-02T09:51:44","guid":{"rendered":"http:\/\/www.kutupsogutma.net\/?post_type=product&#038;p=855"},"modified":"2021-05-02T12:51:44","modified_gmt":"2021-05-02T09:51:44","slug":"camasir-makinesi-alt-kapak-vidasi-kisa-cm14027","status":"publish","type":"product","link":"http:\/\/www.kutupsogutma.net\/?product=camasir-makinesi-alt-kapak-vidasi-kisa-cm14027","title":{"rendered":"\u00c7AMA\u015eIR MAK\u0130NES\u0130 ALT KAPAK V\u0130DASI KISA \u00c7M14027"},"content":{"rendered":"<p>\u00c7AMA\u015eIR MAK\u0130NES\u0130 ALT KAPAK V\u0130DASI KISA \u00c7M14027<\/p>\n","protected":false},"excerpt":{"rendered":"<p>\u00c7AMA\u015eIR MAK\u0130NES\u0130 ALT KAPAK V\u0130DASI KISA \u00c7M14027<\/p>\n","protected":false},"featured_media":856,"comment_status":"open","ping_status":"closed","template":"","meta":[],"product_cat":[71,21],"product_tag":[1055],"_links":{"self":[{"href":"http:\/\/www.kutupsogutma.net\/index.php?rest_route=\/wp\/v2\/product\/855"}],"collection":[{"href":"http:\/\/www.kutupsogutma.net\/index.php?rest_route=\/wp\/v2\/product"}],"about":[{"href":"http:\/\/www.kutupsogutma.net\/index.php?rest_route=\/wp\/v2\/types\/product"}],"replies":[{"embeddable":true,"href":"http:\/\/www.kutupsogutma.net\/index.php?rest_route=%2Fwp%2Fv2%2Fcomments&post=855"}],"wp:featuredmedia":[{"embeddable":true,"href":"http:\/\/www.kutupsogutma.net\/index.php?rest_route=\/wp\/v2\/media\/856"}],"wp:attachment":[{"href":"http:\/\/www.kutupsogutma.net\/index.php?rest_route=%2Fwp%2Fv2%2Fmedia&parent=855"}],"wp:term":[{"taxonomy":"product_cat","embeddable":true,"href":"http:\/\/www.kutupsogutma.net\/index.php?rest_route=%2Fwp%2Fv2%2Fproduct_cat&post=855"},{"taxonomy":"product_tag","embeddable":true,"href":"http:\/\/www.kutupsogutma.net\/index.php?rest_route=%2Fwp%2Fv2%2Fproduct_tag&post=855"}],"curies":[{"name":"wp","href":"https:\/\/api.w.org\/{rel}","templated":true}]}}