{"id":846,"date":"2021-05-02T12:47:37","date_gmt":"2021-05-02T09:47:37","guid":{"rendered":"http:\/\/www.kutupsogutma.net\/?post_type=product&#038;p=846"},"modified":"2021-05-02T12:47:37","modified_gmt":"2021-05-02T09:47:37","slug":"camasir-makinesi-beyin-vestel-54x-cm14023","status":"publish","type":"product","link":"http:\/\/www.kutupsogutma.net\/?product=camasir-makinesi-beyin-vestel-54x-cm14023","title":{"rendered":"\u00c7AMA\u015eIR MAK\u0130NES\u0130 BEY\u0130N VESTEL 54X \u00c7M14023"},"content":{"rendered":"<p>\u00c7AMA\u015eIR MAK\u0130NES\u0130 BEY\u0130N VESTEL 54X \u00c7M14023<\/p>\n","protected":false},"excerpt":{"rendered":"<p>\u00c7AMA\u015eIR MAK\u0130NES\u0130 BEY\u0130N VESTEL 54X \u00c7M14023<\/p>\n","protected":false},"featured_media":847,"comment_status":"open","ping_status":"closed","template":"","meta":[],"product_cat":[71,21],"product_tag":[1048,1046,1047],"_links":{"self":[{"href":"http:\/\/www.kutupsogutma.net\/index.php?rest_route=\/wp\/v2\/product\/846"}],"collection":[{"href":"http:\/\/www.kutupsogutma.net\/index.php?rest_route=\/wp\/v2\/product"}],"about":[{"href":"http:\/\/www.kutupsogutma.net\/index.php?rest_route=\/wp\/v2\/types\/product"}],"replies":[{"embeddable":true,"href":"http:\/\/www.kutupsogutma.net\/index.php?rest_route=%2Fwp%2Fv2%2Fcomments&post=846"}],"wp:featuredmedia":[{"embeddable":true,"href":"http:\/\/www.kutupsogutma.net\/index.php?rest_route=\/wp\/v2\/media\/847"}],"wp:attachment":[{"href":"http:\/\/www.kutupsogutma.net\/index.php?rest_route=%2Fwp%2Fv2%2Fmedia&parent=846"}],"wp:term":[{"taxonomy":"product_cat","embeddable":true,"href":"http:\/\/www.kutupsogutma.net\/index.php?rest_route=%2Fwp%2Fv2%2Fproduct_cat&post=846"},{"taxonomy":"product_tag","embeddable":true,"href":"http:\/\/www.kutupsogutma.net\/index.php?rest_route=%2Fwp%2Fv2%2Fproduct_tag&post=846"}],"curies":[{"name":"wp","href":"https:\/\/api.w.org\/{rel}","templated":true}]}}