{"id":833,"date":"2021-05-02T12:11:20","date_gmt":"2021-05-02T09:11:20","guid":{"rendered":"http:\/\/www.kutupsogutma.net\/?post_type=product&#038;p=833"},"modified":"2021-05-02T12:11:20","modified_gmt":"2021-05-02T09:11:20","slug":"camasir-makinesi-hiz-modulu-elektronik-kart-ariston-cm14017","status":"publish","type":"product","link":"http:\/\/www.kutupsogutma.net\/?product=camasir-makinesi-hiz-modulu-elektronik-kart-ariston-cm14017","title":{"rendered":"\u00c7AMA\u015eIR MAK\u0130NES\u0130 HIZ MOD\u00dcL\u00dc ELEKTRON\u0130K KART AR\u0130STON \u00c7M14017"},"content":{"rendered":"<p>\u00c7AMA\u015eIR MAK\u0130NES\u0130 HIZ MOD\u00dcL\u00dc ELEKTRON\u0130K KART AR\u0130STON \u00c7M14017<\/p>\n","protected":false},"excerpt":{"rendered":"<p>\u00c7AMA\u015eIR MAK\u0130NES\u0130 HIZ MOD\u00dcL\u00dc ELEKTRON\u0130K KART AR\u0130STON \u00c7M14017<\/p>\n","protected":false},"featured_media":834,"comment_status":"open","ping_status":"closed","template":"","meta":[],"product_cat":[71,21],"product_tag":[1034,1033,1002],"_links":{"self":[{"href":"http:\/\/www.kutupsogutma.net\/index.php?rest_route=\/wp\/v2\/product\/833"}],"collection":[{"href":"http:\/\/www.kutupsogutma.net\/index.php?rest_route=\/wp\/v2\/product"}],"about":[{"href":"http:\/\/www.kutupsogutma.net\/index.php?rest_route=\/wp\/v2\/types\/product"}],"replies":[{"embeddable":true,"href":"http:\/\/www.kutupsogutma.net\/index.php?rest_route=%2Fwp%2Fv2%2Fcomments&post=833"}],"wp:featuredmedia":[{"embeddable":true,"href":"http:\/\/www.kutupsogutma.net\/index.php?rest_route=\/wp\/v2\/media\/834"}],"wp:attachment":[{"href":"http:\/\/www.kutupsogutma.net\/index.php?rest_route=%2Fwp%2Fv2%2Fmedia&parent=833"}],"wp:term":[{"taxonomy":"product_cat","embeddable":true,"href":"http:\/\/www.kutupsogutma.net\/index.php?rest_route=%2Fwp%2Fv2%2Fproduct_cat&post=833"},{"taxonomy":"product_tag","embeddable":true,"href":"http:\/\/www.kutupsogutma.net\/index.php?rest_route=%2Fwp%2Fv2%2Fproduct_tag&post=833"}],"curies":[{"name":"wp","href":"https:\/\/api.w.org\/{rel}","templated":true}]}}