{"id":831,"date":"2021-05-02T12:10:21","date_gmt":"2021-05-02T09:10:21","guid":{"rendered":"http:\/\/www.kutupsogutma.net\/?post_type=product&#038;p=831"},"modified":"2021-05-02T12:10:21","modified_gmt":"2021-05-02T09:10:21","slug":"camasir-makinesi-hiz-modulu-elektronik-kart-frigidaire-cm14016","status":"publish","type":"product","link":"http:\/\/www.kutupsogutma.net\/?product=camasir-makinesi-hiz-modulu-elektronik-kart-frigidaire-cm14016","title":{"rendered":"\u00c7AMA\u015eIR MAK\u0130NES\u0130 HIZ MOD\u00dcL\u00dc ELEKTRON\u0130K KART FR\u0130G\u0130DA\u0130RE \u00c7M14016"},"content":{"rendered":"<p>\u00c7AMA\u015eIR MAK\u0130NES\u0130 HIZ MOD\u00dcL\u00dc ELEKTRON\u0130K KART FR\u0130G\u0130DA\u0130RE \u00c7M14016<\/p>\n","protected":false},"excerpt":{"rendered":"<p>\u00c7AMA\u015eIR MAK\u0130NES\u0130 HIZ MOD\u00dcL\u00dc ELEKTRON\u0130K KART FR\u0130G\u0130DA\u0130RE \u00c7M14016<\/p>\n","protected":false},"featured_media":832,"comment_status":"open","ping_status":"closed","template":"","meta":[],"product_cat":[71,21],"product_tag":[1031,1032,1002],"_links":{"self":[{"href":"http:\/\/www.kutupsogutma.net\/index.php?rest_route=\/wp\/v2\/product\/831"}],"collection":[{"href":"http:\/\/www.kutupsogutma.net\/index.php?rest_route=\/wp\/v2\/product"}],"about":[{"href":"http:\/\/www.kutupsogutma.net\/index.php?rest_route=\/wp\/v2\/types\/product"}],"replies":[{"embeddable":true,"href":"http:\/\/www.kutupsogutma.net\/index.php?rest_route=%2Fwp%2Fv2%2Fcomments&post=831"}],"wp:featuredmedia":[{"embeddable":true,"href":"http:\/\/www.kutupsogutma.net\/index.php?rest_route=\/wp\/v2\/media\/832"}],"wp:attachment":[{"href":"http:\/\/www.kutupsogutma.net\/index.php?rest_route=%2Fwp%2Fv2%2Fmedia&parent=831"}],"wp:term":[{"taxonomy":"product_cat","embeddable":true,"href":"http:\/\/www.kutupsogutma.net\/index.php?rest_route=%2Fwp%2Fv2%2Fproduct_cat&post=831"},{"taxonomy":"product_tag","embeddable":true,"href":"http:\/\/www.kutupsogutma.net\/index.php?rest_route=%2Fwp%2Fv2%2Fproduct_tag&post=831"}],"curies":[{"name":"wp","href":"https:\/\/api.w.org\/{rel}","templated":true}]}}