{"id":829,"date":"2021-05-02T11:30:28","date_gmt":"2021-05-02T08:30:28","guid":{"rendered":"http:\/\/www.kutupsogutma.net\/?post_type=product&#038;p=829"},"modified":"2021-05-02T11:30:29","modified_gmt":"2021-05-02T08:30:29","slug":"camasir-makinesi-hiz-modulu-elektronik-kart-arcelik-4500-cm14015","status":"publish","type":"product","link":"http:\/\/www.kutupsogutma.net\/?product=camasir-makinesi-hiz-modulu-elektronik-kart-arcelik-4500-cm14015","title":{"rendered":"\u00c7AMA\u015eIR MAK\u0130NES\u0130 HIZ MOD\u00dcL\u00dc ELEKTRON\u0130K KART AR\u00c7EL\u0130K 4500 \u00c7M14015"},"content":{"rendered":"<p>\u00c7AMA\u015eIR MAK\u0130NES\u0130 HIZ MOD\u00dcL\u00dc ELEKTRON\u0130K KART AR\u00c7EL\u0130K 4500 \u00c7M14015<\/p>\n","protected":false},"excerpt":{"rendered":"<p>\u00c7AMA\u015eIR MAK\u0130NES\u0130 HIZ MOD\u00dcL\u00dc ELEKTRON\u0130K KART AR\u00c7EL\u0130K 4500 \u00c7M14015<\/p>\n","protected":false},"featured_media":830,"comment_status":"open","ping_status":"closed","template":"","meta":[],"product_cat":[71,21],"product_tag":[1030,1029,1002],"_links":{"self":[{"href":"http:\/\/www.kutupsogutma.net\/index.php?rest_route=\/wp\/v2\/product\/829"}],"collection":[{"href":"http:\/\/www.kutupsogutma.net\/index.php?rest_route=\/wp\/v2\/product"}],"about":[{"href":"http:\/\/www.kutupsogutma.net\/index.php?rest_route=\/wp\/v2\/types\/product"}],"replies":[{"embeddable":true,"href":"http:\/\/www.kutupsogutma.net\/index.php?rest_route=%2Fwp%2Fv2%2Fcomments&post=829"}],"wp:featuredmedia":[{"embeddable":true,"href":"http:\/\/www.kutupsogutma.net\/index.php?rest_route=\/wp\/v2\/media\/830"}],"wp:attachment":[{"href":"http:\/\/www.kutupsogutma.net\/index.php?rest_route=%2Fwp%2Fv2%2Fmedia&parent=829"}],"wp:term":[{"taxonomy":"product_cat","embeddable":true,"href":"http:\/\/www.kutupsogutma.net\/index.php?rest_route=%2Fwp%2Fv2%2Fproduct_cat&post=829"},{"taxonomy":"product_tag","embeddable":true,"href":"http:\/\/www.kutupsogutma.net\/index.php?rest_route=%2Fwp%2Fv2%2Fproduct_tag&post=829"}],"curies":[{"name":"wp","href":"https:\/\/api.w.org\/{rel}","templated":true}]}}