{"id":819,"date":"2021-05-02T11:24:28","date_gmt":"2021-05-02T08:24:28","guid":{"rendered":"http:\/\/www.kutupsogutma.net\/?post_type=product&#038;p=819"},"modified":"2021-05-02T11:24:29","modified_gmt":"2021-05-02T08:24:29","slug":"camasir-makinesi-hiz-modulu-elektronik-kart-arcelik-450-cm14010","status":"publish","type":"product","link":"http:\/\/www.kutupsogutma.net\/?product=camasir-makinesi-hiz-modulu-elektronik-kart-arcelik-450-cm14010","title":{"rendered":"\u00c7AMA\u015eIR MAK\u0130NES\u0130 HIZ MOD\u00dcL\u00dc ELEKTRON\u0130K KART AR\u00c7EL\u0130K 450 \u00c7M14010"},"content":{"rendered":"<p>\u00c7AMA\u015eIR MAK\u0130NES\u0130 HIZ MOD\u00dcL\u00dc ELEKTRON\u0130K KART AR\u00c7EL\u0130K 450 \u00c7M14010<\/p>\n","protected":false},"excerpt":{"rendered":"<p>\u00c7AMA\u015eIR MAK\u0130NES\u0130 HIZ MOD\u00dcL\u00dc ELEKTRON\u0130K KART AR\u00c7EL\u0130K 450 \u00c7M14010<\/p>\n","protected":false},"featured_media":820,"comment_status":"open","ping_status":"closed","template":"","meta":[],"product_cat":[71,21],"product_tag":[1020,1019,1002],"_links":{"self":[{"href":"http:\/\/www.kutupsogutma.net\/index.php?rest_route=\/wp\/v2\/product\/819"}],"collection":[{"href":"http:\/\/www.kutupsogutma.net\/index.php?rest_route=\/wp\/v2\/product"}],"about":[{"href":"http:\/\/www.kutupsogutma.net\/index.php?rest_route=\/wp\/v2\/types\/product"}],"replies":[{"embeddable":true,"href":"http:\/\/www.kutupsogutma.net\/index.php?rest_route=%2Fwp%2Fv2%2Fcomments&post=819"}],"wp:featuredmedia":[{"embeddable":true,"href":"http:\/\/www.kutupsogutma.net\/index.php?rest_route=\/wp\/v2\/media\/820"}],"wp:attachment":[{"href":"http:\/\/www.kutupsogutma.net\/index.php?rest_route=%2Fwp%2Fv2%2Fmedia&parent=819"}],"wp:term":[{"taxonomy":"product_cat","embeddable":true,"href":"http:\/\/www.kutupsogutma.net\/index.php?rest_route=%2Fwp%2Fv2%2Fproduct_cat&post=819"},{"taxonomy":"product_tag","embeddable":true,"href":"http:\/\/www.kutupsogutma.net\/index.php?rest_route=%2Fwp%2Fv2%2Fproduct_tag&post=819"}],"curies":[{"name":"wp","href":"https:\/\/api.w.org\/{rel}","templated":true}]}}