{"id":81,"date":"2021-04-26T19:10:48","date_gmt":"2021-04-26T16:10:48","guid":{"rendered":"http:\/\/www.kutupsogutma.net\/?post_type=product&#038;p=81"},"modified":"2021-04-26T19:18:24","modified_gmt":"2021-04-26T16:18:24","slug":"buzdolabi-rezistans-tabla-aluminyum-folyo-aeg-60-cm-bzd3001","status":"publish","type":"product","link":"http:\/\/www.kutupsogutma.net\/?product=buzdolabi-rezistans-tabla-aluminyum-folyo-aeg-60-cm-bzd3001","title":{"rendered":"BUZDOLABI REZ\u0130STANS TABLA AL\u00dcM\u0130NYUM FOLYO AEG 60 CM BZD3001"},"content":{"rendered":"<p><span style=\"vertical-align: inherit;\"><span style=\"vertical-align: inherit;\"><span style=\"vertical-align: inherit;\"><span style=\"vertical-align: inherit;\">BUZDOLABI REZ\u0130STANS TABLA AL\u00dcM\u0130NYUM FOLYO AEG 60 CM BZD3001<\/span><\/span><\/span><\/span><\/p>\n","protected":false},"excerpt":{"rendered":"<p>BUZDOLABI REZ\u0130STANS TABLA AL\u00dcM\u0130NYUM FOLYO AEG 60 CM BZD3001<\/p>\n","protected":false},"featured_media":80,"comment_status":"open","ping_status":"closed","template":"","meta":[],"product_cat":[35,19],"product_tag":[],"_links":{"self":[{"href":"http:\/\/www.kutupsogutma.net\/index.php?rest_route=\/wp\/v2\/product\/81"}],"collection":[{"href":"http:\/\/www.kutupsogutma.net\/index.php?rest_route=\/wp\/v2\/product"}],"about":[{"href":"http:\/\/www.kutupsogutma.net\/index.php?rest_route=\/wp\/v2\/types\/product"}],"replies":[{"embeddable":true,"href":"http:\/\/www.kutupsogutma.net\/index.php?rest_route=%2Fwp%2Fv2%2Fcomments&post=81"}],"wp:featuredmedia":[{"embeddable":true,"href":"http:\/\/www.kutupsogutma.net\/index.php?rest_route=\/wp\/v2\/media\/80"}],"wp:attachment":[{"href":"http:\/\/www.kutupsogutma.net\/index.php?rest_route=%2Fwp%2Fv2%2Fmedia&parent=81"}],"wp:term":[{"taxonomy":"product_cat","embeddable":true,"href":"http:\/\/www.kutupsogutma.net\/index.php?rest_route=%2Fwp%2Fv2%2Fproduct_cat&post=81"},{"taxonomy":"product_tag","embeddable":true,"href":"http:\/\/www.kutupsogutma.net\/index.php?rest_route=%2Fwp%2Fv2%2Fproduct_tag&post=81"}],"curies":[{"name":"wp","href":"https:\/\/api.w.org\/{rel}","templated":true}]}}