{"id":799,"date":"2021-05-02T11:12:27","date_gmt":"2021-05-02T08:12:27","guid":{"rendered":"http:\/\/www.kutupsogutma.net\/?post_type=product&#038;p=799"},"modified":"2021-05-02T11:12:27","modified_gmt":"2021-05-02T08:12:27","slug":"camasir-makinesi-hiz-modulu-elektronik-kart-aeg-544-117-cm14000","status":"publish","type":"product","link":"http:\/\/www.kutupsogutma.net\/?product=camasir-makinesi-hiz-modulu-elektronik-kart-aeg-544-117-cm14000","title":{"rendered":"\u00c7AMA\u015eIR MAK\u0130NES\u0130 HIZ MOD\u00dcL\u00dc ELEKTRON\u0130K KART AEG 544-117 \u00c7M14000"},"content":{"rendered":"<p>\u00c7AMA\u015eIR MAK\u0130NES\u0130 HIZ MOD\u00dcL\u00dc ELEKTRON\u0130K KART AEG 544-117 \u00c7M14000<\/p>\n","protected":false},"excerpt":{"rendered":"<p>\u00c7AMA\u015eIR MAK\u0130NES\u0130 HIZ MOD\u00dcL\u00dc ELEKTRON\u0130K KART AEG 544-117 \u00c7M14000<\/p>\n","protected":false},"featured_media":800,"comment_status":"open","ping_status":"closed","template":"","meta":[],"product_cat":[71,21],"product_tag":[999,998],"_links":{"self":[{"href":"http:\/\/www.kutupsogutma.net\/index.php?rest_route=\/wp\/v2\/product\/799"}],"collection":[{"href":"http:\/\/www.kutupsogutma.net\/index.php?rest_route=\/wp\/v2\/product"}],"about":[{"href":"http:\/\/www.kutupsogutma.net\/index.php?rest_route=\/wp\/v2\/types\/product"}],"replies":[{"embeddable":true,"href":"http:\/\/www.kutupsogutma.net\/index.php?rest_route=%2Fwp%2Fv2%2Fcomments&post=799"}],"wp:featuredmedia":[{"embeddable":true,"href":"http:\/\/www.kutupsogutma.net\/index.php?rest_route=\/wp\/v2\/media\/800"}],"wp:attachment":[{"href":"http:\/\/www.kutupsogutma.net\/index.php?rest_route=%2Fwp%2Fv2%2Fmedia&parent=799"}],"wp:term":[{"taxonomy":"product_cat","embeddable":true,"href":"http:\/\/www.kutupsogutma.net\/index.php?rest_route=%2Fwp%2Fv2%2Fproduct_cat&post=799"},{"taxonomy":"product_tag","embeddable":true,"href":"http:\/\/www.kutupsogutma.net\/index.php?rest_route=%2Fwp%2Fv2%2Fproduct_tag&post=799"}],"curies":[{"name":"wp","href":"https:\/\/api.w.org\/{rel}","templated":true}]}}