{"id":79,"date":"2021-04-26T19:07:56","date_gmt":"2021-04-26T16:07:56","guid":{"rendered":"http:\/\/www.kutupsogutma.net\/?post_type=product&#038;p=79"},"modified":"2021-04-26T19:07:56","modified_gmt":"2021-04-26T16:07:56","slug":"buzdolabi-rezistans-tabla-aluminyum-folyo-aeg-50-cm-bzd3000","status":"publish","type":"product","link":"http:\/\/www.kutupsogutma.net\/?product=buzdolabi-rezistans-tabla-aluminyum-folyo-aeg-50-cm-bzd3000","title":{"rendered":"BUZDOLABI REZ\u0130STANS TABLA AL\u00dcM\u0130NYUM FOLYO AEG 50 CM BZD3000"},"content":{"rendered":"<p><span style=\"vertical-align: inherit;\"><span style=\"vertical-align: inherit;\">BUZDOLABI REZ\u0130STANS TABLA AL\u00dcM\u0130NYUM FOLYO AEG 50 CM BZD3000<\/span><\/span><\/p>\n","protected":false},"excerpt":{"rendered":"<p>BUZDOLABI REZ\u0130STANS TABLA AL\u00dcM\u0130NYUM FOLYO AEG 50 CM BZD3000<\/p>\n","protected":false},"featured_media":80,"comment_status":"open","ping_status":"closed","template":"","meta":[],"product_cat":[35,19],"product_tag":[],"_links":{"self":[{"href":"http:\/\/www.kutupsogutma.net\/index.php?rest_route=\/wp\/v2\/product\/79"}],"collection":[{"href":"http:\/\/www.kutupsogutma.net\/index.php?rest_route=\/wp\/v2\/product"}],"about":[{"href":"http:\/\/www.kutupsogutma.net\/index.php?rest_route=\/wp\/v2\/types\/product"}],"replies":[{"embeddable":true,"href":"http:\/\/www.kutupsogutma.net\/index.php?rest_route=%2Fwp%2Fv2%2Fcomments&post=79"}],"wp:featuredmedia":[{"embeddable":true,"href":"http:\/\/www.kutupsogutma.net\/index.php?rest_route=\/wp\/v2\/media\/80"}],"wp:attachment":[{"href":"http:\/\/www.kutupsogutma.net\/index.php?rest_route=%2Fwp%2Fv2%2Fmedia&parent=79"}],"wp:term":[{"taxonomy":"product_cat","embeddable":true,"href":"http:\/\/www.kutupsogutma.net\/index.php?rest_route=%2Fwp%2Fv2%2Fproduct_cat&post=79"},{"taxonomy":"product_tag","embeddable":true,"href":"http:\/\/www.kutupsogutma.net\/index.php?rest_route=%2Fwp%2Fv2%2Fproduct_tag&post=79"}],"curies":[{"name":"wp","href":"https:\/\/api.w.org\/{rel}","templated":true}]}}