{"id":781,"date":"2021-05-02T10:25:37","date_gmt":"2021-05-02T07:25:37","guid":{"rendered":"http:\/\/www.kutupsogutma.net\/?post_type=product&#038;p=781"},"modified":"2021-05-02T10:25:37","modified_gmt":"2021-05-02T07:25:37","slug":"camasir-makinesi-sebeke-hortum-temiz-su-giris-4-mt-cm13005","status":"publish","type":"product","link":"http:\/\/www.kutupsogutma.net\/?product=camasir-makinesi-sebeke-hortum-temiz-su-giris-4-mt-cm13005","title":{"rendered":"\u00c7AMA\u015eIR MAK\u0130NES\u0130 \u015eEBEKE HORTUM TEM\u0130Z SU G\u0130R\u0130\u015e 4 MT \u00c7M13005"},"content":{"rendered":"<p>\u00c7AMA\u015eIR MAK\u0130NES\u0130 \u015eEBEKE HORTUM TEM\u0130Z SU G\u0130R\u0130\u015e 4 MT \u00c7M13005<\/p>\n","protected":false},"excerpt":{"rendered":"<p>\u00c7AMA\u015eIR MAK\u0130NES\u0130 \u015eEBEKE HORTUM TEM\u0130Z SU G\u0130R\u0130\u015e 4 MT \u00c7M13005<\/p>\n","protected":false},"featured_media":779,"comment_status":"open","ping_status":"closed","template":"","meta":[],"product_cat":[70,21],"product_tag":[964,173],"_links":{"self":[{"href":"http:\/\/www.kutupsogutma.net\/index.php?rest_route=\/wp\/v2\/product\/781"}],"collection":[{"href":"http:\/\/www.kutupsogutma.net\/index.php?rest_route=\/wp\/v2\/product"}],"about":[{"href":"http:\/\/www.kutupsogutma.net\/index.php?rest_route=\/wp\/v2\/types\/product"}],"replies":[{"embeddable":true,"href":"http:\/\/www.kutupsogutma.net\/index.php?rest_route=%2Fwp%2Fv2%2Fcomments&post=781"}],"wp:featuredmedia":[{"embeddable":true,"href":"http:\/\/www.kutupsogutma.net\/index.php?rest_route=\/wp\/v2\/media\/779"}],"wp:attachment":[{"href":"http:\/\/www.kutupsogutma.net\/index.php?rest_route=%2Fwp%2Fv2%2Fmedia&parent=781"}],"wp:term":[{"taxonomy":"product_cat","embeddable":true,"href":"http:\/\/www.kutupsogutma.net\/index.php?rest_route=%2Fwp%2Fv2%2Fproduct_cat&post=781"},{"taxonomy":"product_tag","embeddable":true,"href":"http:\/\/www.kutupsogutma.net\/index.php?rest_route=%2Fwp%2Fv2%2Fproduct_tag&post=781"}],"curies":[{"name":"wp","href":"https:\/\/api.w.org\/{rel}","templated":true}]}}