{"id":780,"date":"2021-05-02T10:24:46","date_gmt":"2021-05-02T07:24:46","guid":{"rendered":"http:\/\/www.kutupsogutma.net\/?post_type=product&#038;p=780"},"modified":"2021-05-02T10:24:46","modified_gmt":"2021-05-02T07:24:46","slug":"camasir-makinesi-sebeke-hortum-temiz-su-giris-3-mt-cm13004","status":"publish","type":"product","link":"http:\/\/www.kutupsogutma.net\/?product=camasir-makinesi-sebeke-hortum-temiz-su-giris-3-mt-cm13004","title":{"rendered":"\u00c7AMA\u015eIR MAK\u0130NES\u0130 \u015eEBEKE HORTUM TEM\u0130Z SU G\u0130R\u0130\u015e 3 MT \u00c7M13004"},"content":{"rendered":"<p>\u00c7AMA\u015eIR MAK\u0130NES\u0130 \u015eEBEKE HORTUM TEM\u0130Z SU G\u0130R\u0130\u015e 3 MT \u00c7M13004<\/p>\n","protected":false},"excerpt":{"rendered":"<p>\u00c7AMA\u015eIR MAK\u0130NES\u0130 \u015eEBEKE HORTUM TEM\u0130Z SU G\u0130R\u0130\u015e 3 MT \u00c7M13004<\/p>\n","protected":false},"featured_media":779,"comment_status":"open","ping_status":"closed","template":"","meta":[],"product_cat":[70,21],"product_tag":[963,173],"_links":{"self":[{"href":"http:\/\/www.kutupsogutma.net\/index.php?rest_route=\/wp\/v2\/product\/780"}],"collection":[{"href":"http:\/\/www.kutupsogutma.net\/index.php?rest_route=\/wp\/v2\/product"}],"about":[{"href":"http:\/\/www.kutupsogutma.net\/index.php?rest_route=\/wp\/v2\/types\/product"}],"replies":[{"embeddable":true,"href":"http:\/\/www.kutupsogutma.net\/index.php?rest_route=%2Fwp%2Fv2%2Fcomments&post=780"}],"wp:featuredmedia":[{"embeddable":true,"href":"http:\/\/www.kutupsogutma.net\/index.php?rest_route=\/wp\/v2\/media\/779"}],"wp:attachment":[{"href":"http:\/\/www.kutupsogutma.net\/index.php?rest_route=%2Fwp%2Fv2%2Fmedia&parent=780"}],"wp:term":[{"taxonomy":"product_cat","embeddable":true,"href":"http:\/\/www.kutupsogutma.net\/index.php?rest_route=%2Fwp%2Fv2%2Fproduct_cat&post=780"},{"taxonomy":"product_tag","embeddable":true,"href":"http:\/\/www.kutupsogutma.net\/index.php?rest_route=%2Fwp%2Fv2%2Fproduct_tag&post=780"}],"curies":[{"name":"wp","href":"https:\/\/api.w.org\/{rel}","templated":true}]}}