{"id":776,"date":"2021-05-02T10:21:01","date_gmt":"2021-05-02T07:21:01","guid":{"rendered":"http:\/\/www.kutupsogutma.net\/?post_type=product&#038;p=776"},"modified":"2021-05-02T10:21:01","modified_gmt":"2021-05-02T07:21:01","slug":"camasir-makinesi-sebeke-musluk-nipel-plastik-beyaz-cm13002","status":"publish","type":"product","link":"http:\/\/www.kutupsogutma.net\/?product=camasir-makinesi-sebeke-musluk-nipel-plastik-beyaz-cm13002","title":{"rendered":"\u00c7AMA\u015eIR MAK\u0130NES\u0130 \u015eEBEKE MUSLUK N\u0130PEL PLAST\u0130K BEYAZ \u00c7M13002"},"content":{"rendered":"<p>\u00c7AMA\u015eIR MAK\u0130NES\u0130 \u015eEBEKE MUSLUK N\u0130PEL PLAST\u0130K BEYAZ \u00c7M13002<\/p>\n","protected":false},"excerpt":{"rendered":"<p>\u00c7AMA\u015eIR MAK\u0130NES\u0130 \u015eEBEKE MUSLUK N\u0130PEL PLAST\u0130K BEYAZ \u00c7M13002<\/p>\n","protected":false},"featured_media":777,"comment_status":"open","ping_status":"closed","template":"","meta":[],"product_cat":[70,21],"product_tag":[961,959,960],"_links":{"self":[{"href":"http:\/\/www.kutupsogutma.net\/index.php?rest_route=\/wp\/v2\/product\/776"}],"collection":[{"href":"http:\/\/www.kutupsogutma.net\/index.php?rest_route=\/wp\/v2\/product"}],"about":[{"href":"http:\/\/www.kutupsogutma.net\/index.php?rest_route=\/wp\/v2\/types\/product"}],"replies":[{"embeddable":true,"href":"http:\/\/www.kutupsogutma.net\/index.php?rest_route=%2Fwp%2Fv2%2Fcomments&post=776"}],"wp:featuredmedia":[{"embeddable":true,"href":"http:\/\/www.kutupsogutma.net\/index.php?rest_route=\/wp\/v2\/media\/777"}],"wp:attachment":[{"href":"http:\/\/www.kutupsogutma.net\/index.php?rest_route=%2Fwp%2Fv2%2Fmedia&parent=776"}],"wp:term":[{"taxonomy":"product_cat","embeddable":true,"href":"http:\/\/www.kutupsogutma.net\/index.php?rest_route=%2Fwp%2Fv2%2Fproduct_cat&post=776"},{"taxonomy":"product_tag","embeddable":true,"href":"http:\/\/www.kutupsogutma.net\/index.php?rest_route=%2Fwp%2Fv2%2Fproduct_tag&post=776"}],"curies":[{"name":"wp","href":"https:\/\/api.w.org\/{rel}","templated":true}]}}