{"id":772,"date":"2021-05-02T10:05:35","date_gmt":"2021-05-02T07:05:35","guid":{"rendered":"http:\/\/www.kutupsogutma.net\/?post_type=product&#038;p=772"},"modified":"2021-05-02T10:05:36","modified_gmt":"2021-05-02T07:05:36","slug":"camasir-makinesi-sebeke-hortum-temiz-su-uzatma-aparat-cm13000","status":"publish","type":"product","link":"http:\/\/www.kutupsogutma.net\/?product=camasir-makinesi-sebeke-hortum-temiz-su-uzatma-aparat-cm13000","title":{"rendered":"\u00c7AMA\u015eIR MAK\u0130NES\u0130 \u015eEBEKE HORTUM TEM\u0130Z SU UZATMA APARAT \u00c7M13000"},"content":{"rendered":"<p>\u00c7AMA\u015eIR MAK\u0130NES\u0130 \u015eEBEKE HORTUM TEM\u0130Z SU UZATMA APARAT \u00c7M13000<\/p>\n","protected":false},"excerpt":{"rendered":"<p>\u00c7AMA\u015eIR MAK\u0130NES\u0130 \u015eEBEKE HORTUM TEM\u0130Z SU UZATMA APARAT \u00c7M13000<\/p>\n","protected":false},"featured_media":773,"comment_status":"open","ping_status":"closed","template":"","meta":[],"product_cat":[70,21],"product_tag":[955,956],"_links":{"self":[{"href":"http:\/\/www.kutupsogutma.net\/index.php?rest_route=\/wp\/v2\/product\/772"}],"collection":[{"href":"http:\/\/www.kutupsogutma.net\/index.php?rest_route=\/wp\/v2\/product"}],"about":[{"href":"http:\/\/www.kutupsogutma.net\/index.php?rest_route=\/wp\/v2\/types\/product"}],"replies":[{"embeddable":true,"href":"http:\/\/www.kutupsogutma.net\/index.php?rest_route=%2Fwp%2Fv2%2Fcomments&post=772"}],"wp:featuredmedia":[{"embeddable":true,"href":"http:\/\/www.kutupsogutma.net\/index.php?rest_route=\/wp\/v2\/media\/773"}],"wp:attachment":[{"href":"http:\/\/www.kutupsogutma.net\/index.php?rest_route=%2Fwp%2Fv2%2Fmedia&parent=772"}],"wp:term":[{"taxonomy":"product_cat","embeddable":true,"href":"http:\/\/www.kutupsogutma.net\/index.php?rest_route=%2Fwp%2Fv2%2Fproduct_cat&post=772"},{"taxonomy":"product_tag","embeddable":true,"href":"http:\/\/www.kutupsogutma.net\/index.php?rest_route=%2Fwp%2Fv2%2Fproduct_tag&post=772"}],"curies":[{"name":"wp","href":"https:\/\/api.w.org\/{rel}","templated":true}]}}