{"id":764,"date":"2021-05-02T08:42:21","date_gmt":"2021-05-02T05:42:21","guid":{"rendered":"http:\/\/www.kutupsogutma.net\/?post_type=product&#038;p=764"},"modified":"2021-05-02T08:42:21","modified_gmt":"2021-05-02T05:42:21","slug":"camasir-makinesi-kapi-kilidi-ariston-rold-051438-ds8857001-cm12022","status":"publish","type":"product","link":"http:\/\/www.kutupsogutma.net\/?product=camasir-makinesi-kapi-kilidi-ariston-rold-051438-ds8857001-cm12022","title":{"rendered":"\u00c7AMA\u015eIR MAK\u0130NES\u0130 KAPI K\u0130L\u0130D\u0130 AR\u0130STON ROLD 051438 DS8857001 \u00c7M12022"},"content":{"rendered":"<p>\u00c7AMA\u015eIR MAK\u0130NES\u0130 KAPI K\u0130L\u0130D\u0130 AR\u0130STON ROLD 051438 DS8857001 \u00c7M12022<\/p>\n","protected":false},"excerpt":{"rendered":"<p>\u00c7AMA\u015eIR MAK\u0130NES\u0130 KAPI K\u0130L\u0130D\u0130 AR\u0130STON ROLD 051438 DS8857001 \u00c7M12022<\/p>\n","protected":false},"featured_media":765,"comment_status":"open","ping_status":"closed","template":"","meta":[],"product_cat":[69,21],"product_tag":[943,944,942],"_links":{"self":[{"href":"http:\/\/www.kutupsogutma.net\/index.php?rest_route=\/wp\/v2\/product\/764"}],"collection":[{"href":"http:\/\/www.kutupsogutma.net\/index.php?rest_route=\/wp\/v2\/product"}],"about":[{"href":"http:\/\/www.kutupsogutma.net\/index.php?rest_route=\/wp\/v2\/types\/product"}],"replies":[{"embeddable":true,"href":"http:\/\/www.kutupsogutma.net\/index.php?rest_route=%2Fwp%2Fv2%2Fcomments&post=764"}],"wp:featuredmedia":[{"embeddable":true,"href":"http:\/\/www.kutupsogutma.net\/index.php?rest_route=\/wp\/v2\/media\/765"}],"wp:attachment":[{"href":"http:\/\/www.kutupsogutma.net\/index.php?rest_route=%2Fwp%2Fv2%2Fmedia&parent=764"}],"wp:term":[{"taxonomy":"product_cat","embeddable":true,"href":"http:\/\/www.kutupsogutma.net\/index.php?rest_route=%2Fwp%2Fv2%2Fproduct_cat&post=764"},{"taxonomy":"product_tag","embeddable":true,"href":"http:\/\/www.kutupsogutma.net\/index.php?rest_route=%2Fwp%2Fv2%2Fproduct_tag&post=764"}],"curies":[{"name":"wp","href":"https:\/\/api.w.org\/{rel}","templated":true}]}}