{"id":762,"date":"2021-05-02T08:41:07","date_gmt":"2021-05-02T05:41:07","guid":{"rendered":"http:\/\/www.kutupsogutma.net\/?post_type=product&#038;p=762"},"modified":"2021-05-02T08:41:07","modified_gmt":"2021-05-02T05:41:07","slug":"camasir-makinesi-kapi-kilidi-ariston-beyaz-rold-da003041-cm12021","status":"publish","type":"product","link":"http:\/\/www.kutupsogutma.net\/?product=camasir-makinesi-kapi-kilidi-ariston-beyaz-rold-da003041-cm12021","title":{"rendered":"\u00c7AMA\u015eIR MAK\u0130NES\u0130 KAPI K\u0130L\u0130D\u0130 AR\u0130STON BEYAZ ROLD DA003041 \u00c7M12021"},"content":{"rendered":"<p>\u00c7AMA\u015eIR MAK\u0130NES\u0130 KAPI K\u0130L\u0130D\u0130 AR\u0130STON BEYAZ ROLD DA003041 \u00c7M12021<\/p>\n","protected":false},"excerpt":{"rendered":"<p>\u00c7AMA\u015eIR MAK\u0130NES\u0130 KAPI K\u0130L\u0130D\u0130 AR\u0130STON BEYAZ ROLD DA003041 \u00c7M12021<\/p>\n","protected":false},"featured_media":763,"comment_status":"open","ping_status":"closed","template":"","meta":[],"product_cat":[69,21],"product_tag":[940,941,939],"_links":{"self":[{"href":"http:\/\/www.kutupsogutma.net\/index.php?rest_route=\/wp\/v2\/product\/762"}],"collection":[{"href":"http:\/\/www.kutupsogutma.net\/index.php?rest_route=\/wp\/v2\/product"}],"about":[{"href":"http:\/\/www.kutupsogutma.net\/index.php?rest_route=\/wp\/v2\/types\/product"}],"replies":[{"embeddable":true,"href":"http:\/\/www.kutupsogutma.net\/index.php?rest_route=%2Fwp%2Fv2%2Fcomments&post=762"}],"wp:featuredmedia":[{"embeddable":true,"href":"http:\/\/www.kutupsogutma.net\/index.php?rest_route=\/wp\/v2\/media\/763"}],"wp:attachment":[{"href":"http:\/\/www.kutupsogutma.net\/index.php?rest_route=%2Fwp%2Fv2%2Fmedia&parent=762"}],"wp:term":[{"taxonomy":"product_cat","embeddable":true,"href":"http:\/\/www.kutupsogutma.net\/index.php?rest_route=%2Fwp%2Fv2%2Fproduct_cat&post=762"},{"taxonomy":"product_tag","embeddable":true,"href":"http:\/\/www.kutupsogutma.net\/index.php?rest_route=%2Fwp%2Fv2%2Fproduct_tag&post=762"}],"curies":[{"name":"wp","href":"https:\/\/api.w.org\/{rel}","templated":true}]}}