{"id":760,"date":"2021-05-02T08:39:47","date_gmt":"2021-05-02T05:39:47","guid":{"rendered":"http:\/\/www.kutupsogutma.net\/?post_type=product&#038;p=760"},"modified":"2021-05-02T08:39:47","modified_gmt":"2021-05-02T05:39:47","slug":"camasir-makinesi-kapi-kilidi-ariston-merloni-zv446h1-651016770-cm12020","status":"publish","type":"product","link":"http:\/\/www.kutupsogutma.net\/?product=camasir-makinesi-kapi-kilidi-ariston-merloni-zv446h1-651016770-cm12020","title":{"rendered":"\u00c7AMA\u015eIR MAK\u0130NES\u0130 KAPI K\u0130L\u0130D\u0130 AR\u0130STON MERLON\u0130 ZV446H1 651016770 \u00c7M12020"},"content":{"rendered":"<p>\u00c7AMA\u015eIR MAK\u0130NES\u0130 KAPI K\u0130L\u0130D\u0130 AR\u0130STON MERLON\u0130 ZV446H1 651016770 \u00c7M12020<\/p>\n","protected":false},"excerpt":{"rendered":"<p>\u00c7AMA\u015eIR MAK\u0130NES\u0130 KAPI K\u0130L\u0130D\u0130 AR\u0130STON MERLON\u0130 ZV446H1 651016770 \u00c7M12020<\/p>\n","protected":false},"featured_media":761,"comment_status":"open","ping_status":"closed","template":"","meta":[],"product_cat":[15],"product_tag":[938,936,937,935],"_links":{"self":[{"href":"http:\/\/www.kutupsogutma.net\/index.php?rest_route=\/wp\/v2\/product\/760"}],"collection":[{"href":"http:\/\/www.kutupsogutma.net\/index.php?rest_route=\/wp\/v2\/product"}],"about":[{"href":"http:\/\/www.kutupsogutma.net\/index.php?rest_route=\/wp\/v2\/types\/product"}],"replies":[{"embeddable":true,"href":"http:\/\/www.kutupsogutma.net\/index.php?rest_route=%2Fwp%2Fv2%2Fcomments&post=760"}],"wp:featuredmedia":[{"embeddable":true,"href":"http:\/\/www.kutupsogutma.net\/index.php?rest_route=\/wp\/v2\/media\/761"}],"wp:attachment":[{"href":"http:\/\/www.kutupsogutma.net\/index.php?rest_route=%2Fwp%2Fv2%2Fmedia&parent=760"}],"wp:term":[{"taxonomy":"product_cat","embeddable":true,"href":"http:\/\/www.kutupsogutma.net\/index.php?rest_route=%2Fwp%2Fv2%2Fproduct_cat&post=760"},{"taxonomy":"product_tag","embeddable":true,"href":"http:\/\/www.kutupsogutma.net\/index.php?rest_route=%2Fwp%2Fv2%2Fproduct_tag&post=760"}],"curies":[{"name":"wp","href":"https:\/\/api.w.org\/{rel}","templated":true}]}}