{"id":74,"date":"2021-04-26T18:53:28","date_gmt":"2021-04-26T15:53:28","guid":{"rendered":"http:\/\/www.kutupsogutma.net\/?post_type=product&#038;p=74"},"modified":"2021-04-26T19:16:35","modified_gmt":"2021-04-26T16:16:35","slug":"buzdolabi-ic-fan-motoru-kalin-mil-tpx-bzd2003","status":"publish","type":"product","link":"http:\/\/www.kutupsogutma.net\/?product=buzdolabi-ic-fan-motoru-kalin-mil-tpx-bzd2003","title":{"rendered":"BUZDOLABI \u0130\u00c7 FAN MOTORU KALIN M\u0130L TPX BZD2003"},"content":{"rendered":"<p><span style=\"vertical-align: inherit;\"><span style=\"vertical-align: inherit;\"><span style=\"vertical-align: inherit;\"><span style=\"vertical-align: inherit;\">BUZDOLABI \u0130\u00c7 FAN MOTORU KALIN M\u0130L TPX BZD2003<\/span><\/span><\/span><\/span><\/p>\n","protected":false},"excerpt":{"rendered":"<p>BUZDOLABI \u0130\u00c7 FAN MOTORU KALIN M\u0130L TPX BZD2003<\/p>\n","protected":false},"featured_media":76,"comment_status":"open","ping_status":"closed","template":"","meta":[],"product_cat":[36,19],"product_tag":[],"_links":{"self":[{"href":"http:\/\/www.kutupsogutma.net\/index.php?rest_route=\/wp\/v2\/product\/74"}],"collection":[{"href":"http:\/\/www.kutupsogutma.net\/index.php?rest_route=\/wp\/v2\/product"}],"about":[{"href":"http:\/\/www.kutupsogutma.net\/index.php?rest_route=\/wp\/v2\/types\/product"}],"replies":[{"embeddable":true,"href":"http:\/\/www.kutupsogutma.net\/index.php?rest_route=%2Fwp%2Fv2%2Fcomments&post=74"}],"wp:featuredmedia":[{"embeddable":true,"href":"http:\/\/www.kutupsogutma.net\/index.php?rest_route=\/wp\/v2\/media\/76"}],"wp:attachment":[{"href":"http:\/\/www.kutupsogutma.net\/index.php?rest_route=%2Fwp%2Fv2%2Fmedia&parent=74"}],"wp:term":[{"taxonomy":"product_cat","embeddable":true,"href":"http:\/\/www.kutupsogutma.net\/index.php?rest_route=%2Fwp%2Fv2%2Fproduct_cat&post=74"},{"taxonomy":"product_tag","embeddable":true,"href":"http:\/\/www.kutupsogutma.net\/index.php?rest_route=%2Fwp%2Fv2%2Fproduct_tag&post=74"}],"curies":[{"name":"wp","href":"https:\/\/api.w.org\/{rel}","templated":true}]}}