{"id":738,"date":"2021-05-02T08:24:08","date_gmt":"2021-05-02T05:24:08","guid":{"rendered":"http:\/\/www.kutupsogutma.net\/?post_type=product&#038;p=738"},"modified":"2021-05-02T08:24:09","modified_gmt":"2021-05-02T05:24:09","slug":"camasir-makinesi-kapi-kilidi-bosch-4280-rold-57006-481928118004-cm12011","status":"publish","type":"product","link":"http:\/\/www.kutupsogutma.net\/?product=camasir-makinesi-kapi-kilidi-bosch-4280-rold-57006-481928118004-cm12011","title":{"rendered":"\u00c7AMA\u015eIR MAK\u0130NES\u0130 KAPI K\u0130L\u0130D\u0130 BOSCH 4280 ROLD 57006 481928118004 \u00c7M12011"},"content":{"rendered":"<p>\u00c7AMA\u015eIR MAK\u0130NES\u0130 KAPI K\u0130L\u0130D\u0130 BOSCH 4280 ROLD 57006 481928118004 \u00c7M12011<\/p>\n","protected":false},"excerpt":{"rendered":"<p>\u00c7AMA\u015eIR MAK\u0130NES\u0130 KAPI K\u0130L\u0130D\u0130 BOSCH 4280 ROLD 57006 481928118004 \u00c7M12011<\/p>\n","protected":false},"featured_media":739,"comment_status":"open","ping_status":"closed","template":"","meta":[],"product_cat":[69,21],"product_tag":[907,906,905,904],"_links":{"self":[{"href":"http:\/\/www.kutupsogutma.net\/index.php?rest_route=\/wp\/v2\/product\/738"}],"collection":[{"href":"http:\/\/www.kutupsogutma.net\/index.php?rest_route=\/wp\/v2\/product"}],"about":[{"href":"http:\/\/www.kutupsogutma.net\/index.php?rest_route=\/wp\/v2\/types\/product"}],"replies":[{"embeddable":true,"href":"http:\/\/www.kutupsogutma.net\/index.php?rest_route=%2Fwp%2Fv2%2Fcomments&post=738"}],"wp:featuredmedia":[{"embeddable":true,"href":"http:\/\/www.kutupsogutma.net\/index.php?rest_route=\/wp\/v2\/media\/739"}],"wp:attachment":[{"href":"http:\/\/www.kutupsogutma.net\/index.php?rest_route=%2Fwp%2Fv2%2Fmedia&parent=738"}],"wp:term":[{"taxonomy":"product_cat","embeddable":true,"href":"http:\/\/www.kutupsogutma.net\/index.php?rest_route=%2Fwp%2Fv2%2Fproduct_cat&post=738"},{"taxonomy":"product_tag","embeddable":true,"href":"http:\/\/www.kutupsogutma.net\/index.php?rest_route=%2Fwp%2Fv2%2Fproduct_tag&post=738"}],"curies":[{"name":"wp","href":"https:\/\/api.w.org\/{rel}","templated":true}]}}