{"id":715,"date":"2021-05-01T18:41:14","date_gmt":"2021-05-01T15:41:14","guid":{"rendered":"http:\/\/www.kutupsogutma.net\/?post_type=product&#038;p=715"},"modified":"2021-05-01T18:41:14","modified_gmt":"2021-05-01T15:41:14","slug":"camasir-makinesi-kapi-kilidi-aeg-lavamat-cm12000","status":"publish","type":"product","link":"http:\/\/www.kutupsogutma.net\/?product=camasir-makinesi-kapi-kilidi-aeg-lavamat-cm12000","title":{"rendered":"\u00c7AMA\u015eIR MAK\u0130NES\u0130 KAPI K\u0130L\u0130D\u0130 AEG LAVAMAT \u00c7M12000"},"content":{"rendered":"<p>\u00c7AMA\u015eIR MAK\u0130NES\u0130 KAPI K\u0130L\u0130D\u0130 AEG LAVAMAT \u00c7M12000<\/p>\n","protected":false},"excerpt":{"rendered":"<p>\u00c7AMA\u015eIR MAK\u0130NES\u0130 KAPI K\u0130L\u0130D\u0130 AEG LAVAMAT \u00c7M12000<\/p>\n","protected":false},"featured_media":716,"comment_status":"open","ping_status":"closed","template":"","meta":[],"product_cat":[69,21],"product_tag":[871,872],"_links":{"self":[{"href":"http:\/\/www.kutupsogutma.net\/index.php?rest_route=\/wp\/v2\/product\/715"}],"collection":[{"href":"http:\/\/www.kutupsogutma.net\/index.php?rest_route=\/wp\/v2\/product"}],"about":[{"href":"http:\/\/www.kutupsogutma.net\/index.php?rest_route=\/wp\/v2\/types\/product"}],"replies":[{"embeddable":true,"href":"http:\/\/www.kutupsogutma.net\/index.php?rest_route=%2Fwp%2Fv2%2Fcomments&post=715"}],"wp:featuredmedia":[{"embeddable":true,"href":"http:\/\/www.kutupsogutma.net\/index.php?rest_route=\/wp\/v2\/media\/716"}],"wp:attachment":[{"href":"http:\/\/www.kutupsogutma.net\/index.php?rest_route=%2Fwp%2Fv2%2Fmedia&parent=715"}],"wp:term":[{"taxonomy":"product_cat","embeddable":true,"href":"http:\/\/www.kutupsogutma.net\/index.php?rest_route=%2Fwp%2Fv2%2Fproduct_cat&post=715"},{"taxonomy":"product_tag","embeddable":true,"href":"http:\/\/www.kutupsogutma.net\/index.php?rest_route=%2Fwp%2Fv2%2Fproduct_tag&post=715"}],"curies":[{"name":"wp","href":"https:\/\/api.w.org\/{rel}","templated":true}]}}