{"id":70,"date":"2021-04-26T15:48:42","date_gmt":"2021-04-26T12:48:42","guid":{"rendered":"http:\/\/www.kutupsogutma.net\/?post_type=product&#038;p=70"},"modified":"2021-04-26T15:48:42","modified_gmt":"2021-04-26T12:48:42","slug":"camasir-makinesi-ventil-tekli-ince-12mm-cm7000","status":"publish","type":"product","link":"http:\/\/www.kutupsogutma.net\/?product=camasir-makinesi-ventil-tekli-ince-12mm-cm7000","title":{"rendered":"\u00c7AMA\u015eIR MAK\u0130NES\u0130 VENT\u0130L TEKL\u0130 \u0130NCE 12MM \u00c7M7000"},"content":{"rendered":"<p><span style=\"vertical-align: inherit;\"><span style=\"vertical-align: inherit;\">\u00c7AMA\u015eIR MAK\u0130NES\u0130 VENT\u0130L TEKL\u0130 \u0130NCE 12MM \u00c7M7000<\/span><\/span><\/p>\n","protected":false},"excerpt":{"rendered":"<p>\u00c7AMA\u015eIR MAK\u0130NES\u0130 VENT\u0130L TEKL\u0130 \u0130NCE 12MM \u00c7M7000<\/p>\n","protected":false},"featured_media":71,"comment_status":"open","ping_status":"closed","template":"","meta":[],"product_cat":[64,21],"product_tag":[],"_links":{"self":[{"href":"http:\/\/www.kutupsogutma.net\/index.php?rest_route=\/wp\/v2\/product\/70"}],"collection":[{"href":"http:\/\/www.kutupsogutma.net\/index.php?rest_route=\/wp\/v2\/product"}],"about":[{"href":"http:\/\/www.kutupsogutma.net\/index.php?rest_route=\/wp\/v2\/types\/product"}],"replies":[{"embeddable":true,"href":"http:\/\/www.kutupsogutma.net\/index.php?rest_route=%2Fwp%2Fv2%2Fcomments&post=70"}],"wp:featuredmedia":[{"embeddable":true,"href":"http:\/\/www.kutupsogutma.net\/index.php?rest_route=\/wp\/v2\/media\/71"}],"wp:attachment":[{"href":"http:\/\/www.kutupsogutma.net\/index.php?rest_route=%2Fwp%2Fv2%2Fmedia&parent=70"}],"wp:term":[{"taxonomy":"product_cat","embeddable":true,"href":"http:\/\/www.kutupsogutma.net\/index.php?rest_route=%2Fwp%2Fv2%2Fproduct_cat&post=70"},{"taxonomy":"product_tag","embeddable":true,"href":"http:\/\/www.kutupsogutma.net\/index.php?rest_route=%2Fwp%2Fv2%2Fproduct_tag&post=70"}],"curies":[{"name":"wp","href":"https:\/\/api.w.org\/{rel}","templated":true}]}}